{"id":7379,"date":"2026-02-10T13:01:18","date_gmt":"2026-02-10T13:01:18","guid":{"rendered":"https:\/\/nataliflorabcn.com\/?post_type=product&#038;p=7379"},"modified":"2026-02-21T12:23:06","modified_gmt":"2026-02-21T12:23:06","slug":"sinfonia-de-tulipanes","status":"publish","type":"product","link":"https:\/\/nataliflorabcn.com\/ru\/product\/sinfonia-de-tulipanes\/","title":{"rendered":"Sinfon\u00eda de Tulipanes"},"content":{"rendered":"<p data-start=\"1185\" data-end=\"1465\">Sinfon\u00eda de Tulipanes es un ramo que combina color, frescura y elegancia en cada flor. Cada tulip\u00e1n ha sido seleccionado cuidadosamente para garantizar belleza, durabilidad y armon\u00eda, creando un arreglo floral que transmite alegr\u00eda, romanticismo y sofisticaci\u00f3n.<\/p>\n<p data-start=\"1467\" data-end=\"1790\">Ideal para aniversarios, cumplea\u00f1os, bodas o cualquier ocasi\u00f3n especial, este ramo no solo es un regalo, es un gesto lleno de emoci\u00f3n y estilo, que cautiva desde el primer instante. Su combinaci\u00f3n de colores vivos y su delicada disposici\u00f3n hacen que cada ramo sea una verdadera sinfon\u00eda de belleza y frescura.<\/p>\n<p data-start=\"1467\" data-end=\"1790\">* \u0412 \u0437\u0430\u0432\u0438\u0441\u0438\u043c\u043e\u0441\u0442\u0438 \u043e\u0442 \u0441\u0435\u0437\u043e\u043d\u0430, \u043d\u0435\u043a\u043e\u0442\u043e\u0440\u044b\u0435 \u0446\u0432\u0435\u0442\u044b \u043c\u043e\u0433\u0443\u0442 \u0431\u044b\u0442\u044c \u043d\u0435\u0434\u043e\u0441\u0442\u0443\u043f\u043d\u044b \u0432 \u043d\u0430\u0448\u0435\u043c \u043c\u0430\u0433\u0430\u0437\u0438\u043d\u0435 \u0438 \u043c\u043e\u0433\u0443\u0442 \u0431\u044b\u0442\u044c \u0437\u0430\u043c\u0435\u043d\u0435\u043d\u044b \u0434\u0440\u0443\u0433\u0438\u043c\u0438.<\/p>","protected":false},"excerpt":{"rendered":"<p>Ramo de Tulipanes<\/p>","protected":false},"featured_media":7380,"template":"","meta":[],"product_brand":[],"product_cat":[50,283],"product_tag":[],"class_list":{"0":"post-7379","1":"product","2":"type-product","3":"status-publish","4":"has-post-thumbnail","6":"product_cat-tulipanes","7":"product_cat-san-valentin","9":"first","10":"instock","11":"shipping-taxable","12":"purchasable","13":"product-type-simple"},"acf":[],"_links":{"self":[{"href":"https:\/\/nataliflorabcn.com\/ru\/wp-json\/wp\/v2\/product\/7379","targetHints":{"allow":["GET"]}}],"collection":[{"href":"https:\/\/nataliflorabcn.com\/ru\/wp-json\/wp\/v2\/product"}],"about":[{"href":"https:\/\/nataliflorabcn.com\/ru\/wp-json\/wp\/v2\/types\/product"}],"wp:featuredmedia":[{"embeddable":true,"href":"https:\/\/nataliflorabcn.com\/ru\/wp-json\/wp\/v2\/media\/7380"}],"wp:attachment":[{"href":"https:\/\/nataliflorabcn.com\/ru\/wp-json\/wp\/v2\/media?parent=7379"}],"wp:term":[{"taxonomy":"product_brand","embeddable":true,"href":"https:\/\/nataliflorabcn.com\/ru\/wp-json\/wp\/v2\/product_brand?post=7379"},{"taxonomy":"product_cat","embeddable":true,"href":"https:\/\/nataliflorabcn.com\/ru\/wp-json\/wp\/v2\/product_cat?post=7379"},{"taxonomy":"product_tag","embeddable":true,"href":"https:\/\/nataliflorabcn.com\/ru\/wp-json\/wp\/v2\/product_tag?post=7379"}],"curies":[{"name":"wp","href":"https:\/\/api.w.org\/{rel}","templated":true}]}}