{"id":7356,"date":"2026-01-22T18:58:43","date_gmt":"2026-01-22T18:58:43","guid":{"rendered":"https:\/\/nataliflorabcn.com\/?post_type=product&#038;p=7356"},"modified":"2026-01-27T21:58:41","modified_gmt":"2026-01-27T21:58:41","slug":"lagrimas-del-rocio-composicion-floral","status":"publish","type":"product","link":"https:\/\/nataliflorabcn.com\/ru\/product\/lagrimas-del-rocio-composicion-floral\/","title":{"rendered":"\u0421\u043b\u0451\u0437\u044b \u0440\u043e\u0441\u044b"},"content":{"rendered":"<p data-start=\"867\" data-end=\"1135\">\u00ab\u0421\u043b\u0451\u0437\u044b \u0440\u043e\u0441\u044b\u00bb \u2014 \u044d\u0442\u043e \u0440\u043e\u0441\u043a\u043e\u0448\u043d\u0430\u044f \u0446\u0432\u0435\u0442\u043e\u0447\u043d\u0430\u044f \u043a\u043e\u043c\u043f\u043e\u0437\u0438\u0446\u0438\u044f, \u0441\u043e\u0437\u0434\u0430\u043d\u043d\u0430\u044f \u0434\u043b\u044f \u043f\u0435\u0440\u0435\u0434\u0430\u0447\u0438 \u043d\u0435\u0436\u043d\u043e\u0441\u0442\u0438, \u043b\u044e\u0431\u0432\u0438 \u0438 \u0433\u043b\u0443\u0431\u043e\u043a\u0438\u0445 \u044d\u043c\u043e\u0446\u0438\u0439. \u041a\u0430\u0436\u0434\u044b\u0439 \u0431\u0443\u043a\u0435\u0442 \u0438\u0437\u0433\u043e\u0442\u0430\u0432\u043b\u0438\u0432\u0430\u0435\u0442\u0441\u044f \u0432\u0440\u0443\u0447\u043d\u0443\u044e \u043f\u0440\u043e\u0444\u0435\u0441\u0441\u0438\u043e\u043d\u0430\u043b\u044c\u043d\u044b\u043c\u0438 \u0444\u043b\u043e\u0440\u0438\u0441\u0442\u0430\u043c\u0438 \u0441 \u043e\u0441\u043e\u0431\u044b\u043c \u0432\u043d\u0438\u043c\u0430\u043d\u0438\u0435\u043c \u043a \u0434\u0435\u0442\u0430\u043b\u044f\u043c, \u0447\u0442\u043e\u0431\u044b \u0433\u0430\u0440\u0430\u043d\u0442\u0438\u0440\u043e\u0432\u0430\u0442\u044c \u0431\u0435\u0437\u0443\u043f\u0440\u0435\u0447\u043d\u044b\u0439 \u0432\u043d\u0435\u0448\u043d\u0438\u0439 \u0432\u0438\u0434 \u0438 \u043f\u0440\u0435\u043c\u0438\u0430\u043b\u044c\u043d\u043e\u0435 \u043a\u0430\u0447\u0435\u0441\u0442\u0432\u043e.<\/p>\n<p data-start=\"1137\" data-end=\"1318\">\u042d\u0442\u0430 \u044d\u043a\u0441\u043a\u043b\u044e\u0437\u0438\u0432\u043d\u0430\u044f \u043a\u043e\u043c\u043f\u043e\u0437\u0438\u0446\u0438\u044f \u0438\u0434\u0435\u0430\u043b\u044c\u043d\u043e \u043f\u043e\u0434\u0445\u043e\u0434\u0438\u0442 \u0434\u043b\u044f \u0434\u043d\u044f \u0412\u043b\u044e\u0431\u043b\u0435\u043d\u043d\u044b\u0445 , \u044e\u0431\u0438\u043b\u0435\u0435\u0432, \u0434\u043d\u0435\u0439 \u0440\u043e\u0436\u0434\u0435\u043d\u0438\u044f, \u0441\u0432\u0430\u0434\u0435\u0431 \u0438\u043b\u0438 \u043b\u044e\u0431\u043e\u0433\u043e \u043e\u0441\u043e\u0431\u043e\u0433\u043e \u0441\u043b\u0443\u0447\u0430\u044f, \u043a\u043e\u0433\u0434\u0430 \u0432\u044b \u0445\u043e\u0442\u0438\u0442\u0435 \u0443\u0434\u0438\u0432\u0438\u0442\u044c \u0443\u043d\u0438\u043a\u0430\u043b\u044c\u043d\u044b\u043c \u0438 \u0438\u0437\u044b\u0441\u043a\u0430\u043d\u043d\u044b\u043c \u043f\u043e\u0434\u0430\u0440\u043a\u043e\u043c.<\/p>\n<p data-start=\"1320\" data-end=\"1451\">\u0418\u0434\u0435\u0430\u043b\u044c\u043d\u044b\u0439 \u0432\u044b\u0431\u043e\u0440 \u0434\u043b\u044f \u0442\u0435\u0445, \u043a\u0442\u043e \u0438\u0449\u0435\u0442 \u044d\u043b\u0435\u0433\u0430\u043d\u0442\u043d\u0443\u044e \u0438 \u0443\u0442\u043e\u043d\u0447\u0451\u043d\u043d\u0443\u044e \u0430\u0432\u0442\u043e\u0440\u0441\u043a\u0443\u044e \u0446\u0432\u0435\u0442\u043e\u0447\u043d\u0443\u044e \u043a\u043e\u043c\u043f\u043e\u0437\u0438\u0446\u0438\u044e \u0441 \u044d\u043a\u0441\u043a\u043b\u044e\u0437\u0438\u0432\u043d\u044b\u043c \u0441\u0442\u0438\u043b\u0435\u043c \u0438 \u0432\u043e\u0437\u043c\u043e\u0436\u043d\u043e\u0441\u0442\u044c\u044e \u0434\u043e\u0441\u0442\u0430\u0432\u043a\u0438 \u043d\u0430 \u0434\u043e\u043c.<\/p>\n<p data-start=\"1320\" data-end=\"1451\">\n<h5 class=\"fusion-responsive-typography-calculated\" data-fontsize=\"16\" data-lineheight=\"21.6px\"><em>* \u0412 \u0437\u0430\u0432\u0438\u0441\u0438\u043c\u043e\u0441\u0442\u0438 \u043e\u0442 \u0441\u0435\u0437\u043e\u043d\u0430 \u043d\u0435\u043a\u043e\u0442\u043e\u0440\u044b\u0435 \u0446\u0432\u0435\u0442\u044b \u043c\u043e\u0433\u0443\u0442 \u0431\u044b\u0442\u044c \u043d\u0435\u0434\u043e\u0441\u0442\u0443\u043f\u043d\u044b. \u041e\u043d\u0438 \u043c\u043e\u0433\u0443\u0442 \u0431\u044b\u0442\u044c \u0437\u0430\u043c\u0435\u043d\u0435\u043d\u044b \u043d\u0430 \u0434\u0440\u0443\u0433\u0438\u0435 \u043f\u043e\u0445\u043e\u0436\u0438\u0435, \u0441 \u0441\u043e\u0445\u0440\u0430\u043d\u0435\u043d\u0438\u0435\u043c \u0446\u0432\u0435\u0442\u043e\u0432\u043e\u0439 \u0433\u0430\u0440\u043c\u043e\u043d\u0438\u0438 \u0438 \u0441\u0442\u0438\u043b\u044f \u0431\u0443\u043a\u0435\u0442\u0430.<\/em><\/h5>","protected":false},"excerpt":{"rendered":"<p>L\u00e1grimas del Roc\u00edo es una composici\u00f3n floral de lujo creada para transmitir ternura, amor y emociones profundas. Cada arreglo se elabora a mano por floristas profesionales, cuidando cada detalle para garantizar una est\u00e9tica impecable y una experiencia premium. Esta composici\u00f3n exclusiva es ideal para San Valent\u00edn, aniversarios, cumplea\u00f1os, bodas o cualquier ocasi\u00f3n especial donde desees [&hellip;]<\/p>","protected":false},"featured_media":7359,"template":"","meta":[],"product_brand":[],"product_cat":[58,283],"product_tag":[],"class_list":{"0":"post-7356","1":"product","2":"type-product","3":"status-publish","4":"has-post-thumbnail","6":"product_cat-ramos-de-autor","7":"product_cat-san-valentin","9":"first","10":"instock","11":"shipping-taxable","12":"purchasable","13":"product-type-simple"},"acf":[],"_links":{"self":[{"href":"https:\/\/nataliflorabcn.com\/ru\/wp-json\/wp\/v2\/product\/7356","targetHints":{"allow":["GET"]}}],"collection":[{"href":"https:\/\/nataliflorabcn.com\/ru\/wp-json\/wp\/v2\/product"}],"about":[{"href":"https:\/\/nataliflorabcn.com\/ru\/wp-json\/wp\/v2\/types\/product"}],"wp:featuredmedia":[{"embeddable":true,"href":"https:\/\/nataliflorabcn.com\/ru\/wp-json\/wp\/v2\/media\/7359"}],"wp:attachment":[{"href":"https:\/\/nataliflorabcn.com\/ru\/wp-json\/wp\/v2\/media?parent=7356"}],"wp:term":[{"taxonomy":"product_brand","embeddable":true,"href":"https:\/\/nataliflorabcn.com\/ru\/wp-json\/wp\/v2\/product_brand?post=7356"},{"taxonomy":"product_cat","embeddable":true,"href":"https:\/\/nataliflorabcn.com\/ru\/wp-json\/wp\/v2\/product_cat?post=7356"},{"taxonomy":"product_tag","embeddable":true,"href":"https:\/\/nataliflorabcn.com\/ru\/wp-json\/wp\/v2\/product_tag?post=7356"}],"curies":[{"name":"wp","href":"https:\/\/api.w.org\/{rel}","templated":true}]}}