{"id":7247,"date":"2026-01-12T11:15:41","date_gmt":"2026-01-12T11:15:41","guid":{"rendered":"https:\/\/nataliflorabcn.com\/?post_type=product&#038;p=7247"},"modified":"2026-02-11T11:12:27","modified_gmt":"2026-02-11T11:12:27","slug":"ramo-romantico","status":"publish","type":"product","link":"https:\/\/nataliflorabcn.com\/ru\/product\/ramo-romantico\/","title":{"rendered":"\u0420\u043e\u043c\u0430\u043d\u0442\u0438\u0447\u043d\u044b\u0439 \u0431\u0443\u043a\u0435\u0442"},"content":{"rendered":"<p data-start=\"487\" data-end=\"750\">\u0420\u043e\u043c\u0430\u043d\u0442\u0438\u0447\u043d\u044b\u0439 \u0431\u0443\u043a\u0435\u0442 \u2014 \u044d\u0442\u043e \u0438\u0437\u044b\u0441\u043a\u0430\u043d\u043d\u0430\u044f \u0446\u0432\u0435\u0442\u043e\u0447\u043d\u0430\u044f \u043a\u043e\u043c\u043f\u043e\u0437\u0438\u0446\u0438\u044f, \u0441\u043e\u0437\u0434\u0430\u043d\u043d\u0430\u044f \u0434\u043b\u044f \u043f\u0435\u0440\u0435\u0434\u0430\u0447\u0438 \u043b\u044e\u0431\u0432\u0438, \u043d\u0435\u0436\u043d\u043e\u0441\u0442\u0438 \u0438 \u0438\u0441\u043a\u0440\u0435\u043d\u043d\u0438\u0445 \u0447\u0443\u0432\u0441\u0442\u0432. \u0418\u0434\u0435\u0430\u043b\u044c\u043d\u043e \u043f\u043e\u0434\u0445\u043e\u0434\u0438\u0442 \u0434\u043b\u044f \u0414\u043d\u044f \u0441\u0432\u044f\u0442\u043e\u0433\u043e \u0412\u0430\u043b\u0435\u043d\u0442\u0438\u043d\u0430, \u0430 \u0442\u0430\u043a\u0436\u0435 \u0434\u043b\u044f \u0433\u043e\u0434\u043e\u0432\u0449\u0438\u043d, \u0440\u043e\u043c\u0430\u043d\u0442\u0438\u0447\u0435\u0441\u043a\u0438\u0445 \u0441\u0432\u0438\u0434\u0430\u043d\u0438\u0439, \u0434\u043d\u0435\u0439 \u0440\u043e\u0436\u0434\u0435\u043d\u0438\u044f \u0438 \u0434\u0440\u0443\u0433\u0438\u0445 \u043e\u0441\u043e\u0431\u044b\u0445 \u043c\u043e\u043c\u0435\u043d\u0442\u043e\u0432, \u043f\u0440\u0435\u0432\u0440\u0430\u0449\u0430\u044f \u043b\u044e\u0431\u043e\u0435 \u0441\u043e\u0431\u044b\u0442\u0438\u0435 \u0432 \u043d\u0435\u0437\u0430\u0431\u044b\u0432\u0430\u0435\u043c\u043e\u0435 \u0432\u043e\u0441\u043f\u043e\u043c\u0438\u043d\u0430\u043d\u0438\u0435.<\/p>\n<p data-start=\"752\" data-end=\"971\">\u041a\u0430\u0436\u0434\u044b\u0439 \u0440\u043e\u043c\u0430\u043d\u0442\u0438\u0447\u043d\u044b\u0439 \u0431\u0443\u043a\u0435\u0442 \u0441\u043e\u0437\u0434\u0430\u0451\u0442\u0441\u044f \u0438\u0437 \u0441\u0432\u0435\u0436\u0438\u0445 \u0446\u0432\u0435\u0442\u043e\u0432 \u0432\u044b\u0441\u043e\u043a\u043e\u0433\u043e \u043a\u0430\u0447\u0435\u0441\u0442\u0432\u0430 \u0438 \u043e\u0444\u043e\u0440\u043c\u043b\u044f\u0435\u0442\u0441\u044f \u0432 \u044d\u043b\u0435\u0433\u0430\u043d\u0442\u043d\u043e\u043c \u0438 \u0433\u0430\u0440\u043c\u043e\u043d\u0438\u0447\u043d\u043e\u043c \u0441\u0442\u0438\u043b\u0435. \u042d\u0442\u043e \u0438\u0434\u0435\u0430\u043b\u044c\u043d\u044b\u0439 \u043f\u043e\u0434\u0430\u0440\u043e\u043a, \u0447\u0442\u043e\u0431\u044b \u0432\u044b\u0440\u0430\u0437\u0438\u0442\u044c \u0433\u043b\u0443\u0431\u043e\u043a\u0438\u0435 \u0447\u0443\u0432\u0441\u0442\u0432\u0430 \u0438 \u043f\u0440\u0438\u044f\u0442\u043d\u043e \u0443\u0434\u0438\u0432\u0438\u0442\u044c \u0441\u0430\u043c\u043e\u0433\u043e \u0434\u043e\u0440\u043e\u0433\u043e\u0433\u043e \u0432\u0430\u043c \u0447\u0435\u043b\u043e\u0432\u0435\u043a\u0430.<\/p>\n<p data-start=\"752\" data-end=\"971\">\n<h5 class=\"fusion-responsive-typography-calculated\" data-fontsize=\"16\" data-lineheight=\"21.6px\"><em>* \u0412 \u0437\u0430\u0432\u0438\u0441\u0438\u043c\u043e\u0441\u0442\u0438 \u043e\u0442 \u0441\u0435\u0437\u043e\u043d\u0430 \u043d\u0435\u043a\u043e\u0442\u043e\u0440\u044b\u0435 \u0446\u0432\u0435\u0442\u044b \u043c\u043e\u0433\u0443\u0442 \u0431\u044b\u0442\u044c \u043d\u0435\u0434\u043e\u0441\u0442\u0443\u043f\u043d\u044b. \u041e\u043d\u0438 \u043c\u043e\u0433\u0443\u0442 \u0431\u044b\u0442\u044c \u0437\u0430\u043c\u0435\u043d\u0435\u043d\u044b \u043d\u0430 \u0434\u0440\u0443\u0433\u0438\u0435 \u043f\u043e\u0445\u043e\u0436\u0438\u0435, \u0441 \u0441\u043e\u0445\u0440\u0430\u043d\u0435\u043d\u0438\u0435\u043c \u0446\u0432\u0435\u0442\u043e\u0432\u043e\u0439 \u0433\u0430\u0440\u043c\u043e\u043d\u0438\u0438 \u0438 \u0441\u0442\u0438\u043b\u044f \u0431\u0443\u043a\u0435\u0442\u0430.<\/em><\/h5>","protected":false},"excerpt":{"rendered":"<p>El ramo rom\u00e1ntico es una delicada composici\u00f3n floral dise\u00f1ada para transmitir amor, ternura y emociones sinceras. Perfecto para aniversarios, citas rom\u00e1nticas, cumplea\u00f1os o momentos especiales, este ramo convierte cualquier ocasi\u00f3n en un recuerdo inolvidable. Cada ramo rom\u00e1ntico se elabora con flores frescas de alta calidad y se presenta con un estilo elegante y armonioso. Es [&hellip;]<\/p>","protected":false},"featured_media":7248,"template":"","meta":[],"product_brand":[],"product_cat":[58,283],"product_tag":[],"class_list":{"0":"post-7247","1":"product","2":"type-product","3":"status-publish","4":"has-post-thumbnail","6":"product_cat-ramos-de-autor","7":"product_cat-san-valentin","9":"first","10":"instock","11":"shipping-taxable","12":"purchasable","13":"product-type-simple"},"acf":[],"_links":{"self":[{"href":"https:\/\/nataliflorabcn.com\/ru\/wp-json\/wp\/v2\/product\/7247","targetHints":{"allow":["GET"]}}],"collection":[{"href":"https:\/\/nataliflorabcn.com\/ru\/wp-json\/wp\/v2\/product"}],"about":[{"href":"https:\/\/nataliflorabcn.com\/ru\/wp-json\/wp\/v2\/types\/product"}],"wp:featuredmedia":[{"embeddable":true,"href":"https:\/\/nataliflorabcn.com\/ru\/wp-json\/wp\/v2\/media\/7248"}],"wp:attachment":[{"href":"https:\/\/nataliflorabcn.com\/ru\/wp-json\/wp\/v2\/media?parent=7247"}],"wp:term":[{"taxonomy":"product_brand","embeddable":true,"href":"https:\/\/nataliflorabcn.com\/ru\/wp-json\/wp\/v2\/product_brand?post=7247"},{"taxonomy":"product_cat","embeddable":true,"href":"https:\/\/nataliflorabcn.com\/ru\/wp-json\/wp\/v2\/product_cat?post=7247"},{"taxonomy":"product_tag","embeddable":true,"href":"https:\/\/nataliflorabcn.com\/ru\/wp-json\/wp\/v2\/product_tag?post=7247"}],"curies":[{"name":"wp","href":"https:\/\/api.w.org\/{rel}","templated":true}]}}