{"id":6553,"date":"2025-11-21T13:41:01","date_gmt":"2025-11-21T13:41:01","guid":{"rendered":"https:\/\/nataliflorabcn.com\/?post_type=product&#038;p=6553"},"modified":"2025-12-22T14:51:28","modified_gmt":"2025-12-22T14:51:28","slug":"ramo-de-novia-de-calas","status":"publish","type":"product","link":"https:\/\/nataliflorabcn.com\/ru\/product\/ramo-de-novia-de-calas\/","title":{"rendered":"\u0411\u0443\u043a\u0435\u0442 \u043d\u0435\u0432\u0435\u0441\u0442\u044b \u0438\u0437 \u043a\u0430\u043b\u043b"},"content":{"rendered":"<p data-start=\"788\" data-end=\"1084\">\u0421\u0432\u0430\u0434\u0435\u0431\u043d\u044b\u0439 \u0431\u0443\u043a\u0435\u0442 \u0438\u0437 \u043a\u0430\u043b\u043b \u2014 \u0438\u0434\u0435\u0430\u043b\u044c\u043d\u044b\u0439 \u0432\u044b\u0431\u043e\u0440 \u0434\u043b\u044f \u043d\u0435\u0432\u0435\u0441\u0442, \u043a\u043e\u0442\u043e\u0440\u044b\u0435 \u0446\u0435\u043d\u044f\u0442 \u044d\u043b\u0435\u0433\u0430\u043d\u0442\u043d\u043e\u0441\u0442\u044c, \u0447\u0438\u0441\u0442\u043e\u0442\u0443 \u0438 \u0443\u0442\u043e\u043d\u0447\u0451\u043d\u043d\u043e\u0441\u0442\u044c \u0432 \u0441\u0430\u043c\u044b\u0439 \u0432\u0430\u0436\u043d\u044b\u0439 \u0434\u0435\u043d\u044c. \u041a\u0430\u043b\u043b\u044b, \u043a\u0430\u043a \u0441\u0438\u043c\u0432\u043e\u043b \u043a\u0440\u0430\u0441\u043e\u0442\u044b \u0438 \u0433\u0430\u0440\u043c\u043e\u043d\u0438\u0438, \u043f\u0440\u0438\u0434\u0430\u044e\u0442 \u0431\u0443\u043a\u0435\u0442\u0443 \u0441\u043e\u0432\u0440\u0435\u043c\u0435\u043d\u043d\u044b\u0439, \u043c\u0438\u043d\u0438\u043c\u0430\u043b\u0438\u0441\u0442\u0438\u0447\u043d\u044b\u0439 \u0438 \u0432\u043d\u0435 \u0432\u0440\u0435\u043c\u0435\u043d\u0438 \u0430\u043a\u0442\u0443\u0430\u043b\u044c\u043d\u044b\u0439 \u0441\u0442\u0438\u043b\u044c, \u043a\u043e\u0442\u043e\u0440\u044b\u0439 \u043f\u0440\u0435\u043a\u0440\u0430\u0441\u043d\u043e \u043f\u043e\u0434\u0445\u043e\u0434\u0438\u0442 \u0434\u043b\u044f \u043a\u043b\u0430\u0441\u0441\u0438\u0447\u0435\u0441\u043a\u0438\u0445, \u0433\u0440\u0430\u0436\u0434\u0430\u043d\u0441\u043a\u0438\u0445 \u0438 \u0441\u043e\u0432\u0440\u0435\u043c\u0435\u043d\u043d\u044b\u0445 \u0441\u0432\u0430\u0434\u0435\u0431.<\/p>\n<p data-start=\"1086\" data-end=\"1360\">\u042d\u0442\u043e\u0442 \u0441\u0432\u0430\u0434\u0435\u0431\u043d\u044b\u0439 \u0431\u0443\u043a\u0435\u0442 \u0441 \u043a\u0430\u043b\u043b\u0430\u043c\u0438 \u0441\u043e\u0437\u0434\u0430\u0451\u0442\u0441\u044f \u0441 \u043e\u0441\u043e\u0431\u043e\u0439 \u0442\u0449\u0430\u0442\u0435\u043b\u044c\u043d\u043e\u0441\u0442\u044c\u044e \u0438\u0437 \u0441\u0432\u0435\u0436\u0438\u0445 \u0446\u0432\u0435\u0442\u043e\u0432 \u0432\u044b\u0441\u043e\u043a\u043e\u0433\u043e \u043a\u0430\u0447\u0435\u0441\u0442\u0432\u0430, \u0447\u0442\u043e \u0433\u0430\u0440\u0430\u043d\u0442\u0438\u0440\u0443\u0435\u0442 \u0431\u0435\u0437\u0443\u043f\u0440\u0435\u0447\u043d\u044b\u0439 \u0432\u043d\u0435\u0448\u043d\u0438\u0439 \u0432\u0438\u0434 \u0438 \u0441\u0442\u043e\u0439\u043a\u043e\u0441\u0442\u044c \u043a\u043e\u043c\u043f\u043e\u0437\u0438\u0446\u0438\u0438. \u0421\u0431\u0430\u043b\u0430\u043d\u0441\u0438\u0440\u043e\u0432\u0430\u043d\u043d\u044b\u0439 \u0434\u0438\u0437\u0430\u0439\u043d \u043f\u043e\u0434\u0447\u0451\u0440\u043a\u0438\u0432\u0430\u0435\u0442 \u0441\u0432\u0430\u0434\u0435\u0431\u043d\u043e\u0435 \u043f\u043b\u0430\u0442\u044c\u0435 \u0438 \u0434\u043e\u0431\u0430\u0432\u043b\u044f\u0435\u0442 \u0438\u0437\u044b\u0441\u043a\u0430\u043d\u043d\u044b\u0439 \u0430\u043a\u0446\u0435\u043d\u0442 \u0446\u0435\u0440\u0435\u043c\u043e\u043d\u0438\u0438 \u0438 \u0441\u0432\u0430\u0434\u0435\u0431\u043d\u044b\u043c \u0444\u043e\u0442\u043e\u0433\u0440\u0430\u0444\u0438\u044f\u043c.<\/p>\n<p data-start=\"1362\" data-end=\"1533\">\u0418\u0434\u0435\u0430\u043b\u044c\u043d\u044b\u0439 \u0434\u043b\u044f \u043d\u0435\u0432\u0435\u0441\u0442, \u0432\u044b\u0431\u0438\u0440\u0430\u044e\u0449\u0438\u0445 \u043b\u0430\u043a\u043e\u043d\u0438\u0447\u043d\u043e\u0441\u0442\u044c \u0441 \u0445\u0430\u0440\u0430\u043a\u0442\u0435\u0440\u043e\u043c, \u0431\u0443\u043a\u0435\u0442 \u043d\u0435\u0432\u0435\u0441\u0442\u044b \u0438\u0437 \u0431\u0435\u043b\u044b\u0445 \u043a\u0430\u043b\u043b \u043c\u043e\u0436\u0435\u0442 \u0431\u044b\u0442\u044c \u043f\u0435\u0440\u0441\u043e\u043d\u0430\u043b\u0438\u0437\u0438\u0440\u043e\u0432\u0430\u043d \u043f\u043e \u0440\u0430\u0437\u043c\u0435\u0440\u0443 \u0438 \u043e\u0444\u043e\u0440\u043c\u043b\u0435\u043d\u0438\u044e, \u0447\u0442\u043e\u0431\u044b \u0438\u0434\u0435\u0430\u043b\u044c\u043d\u043e \u0441\u043e\u043e\u0442\u0432\u0435\u0442\u0441\u0442\u0432\u043e\u0432\u0430\u0442\u044c \u0438\u043d\u0434\u0438\u0432\u0438\u0434\u0443\u0430\u043b\u044c\u043d\u043e\u043c\u0443 \u0441\u0442\u0438\u043b\u044e \u0438 \u043a\u043e\u043d\u0446\u0435\u043f\u0446\u0438\u0438 \u0441\u0432\u0430\u0434\u044c\u0431\u044b.<\/p>","protected":false},"excerpt":{"rendered":"<p>El ramo de novia de calas es la elecci\u00f3n perfecta para novias que buscan elegancia, pureza y sofisticaci\u00f3n en su gran d\u00eda. Las calas, s\u00edmbolo de belleza y armon\u00eda, aportan un estilo moderno, minimalista y atemporal que combina a la perfecci\u00f3n con bodas cl\u00e1sicas, civiles o contempor\u00e1neas. Este ramo de boda con calas est\u00e1 elaborado [&hellip;]<\/p>","protected":false},"featured_media":6556,"template":"","meta":[],"product_brand":[],"product_cat":[119],"product_tag":[],"class_list":{"0":"post-6553","1":"product","2":"type-product","3":"status-publish","4":"has-post-thumbnail","6":"product_cat-ramos-de-novia","8":"first","9":"instock","10":"shipping-taxable","11":"purchasable","12":"product-type-simple"},"acf":[],"_links":{"self":[{"href":"https:\/\/nataliflorabcn.com\/ru\/wp-json\/wp\/v2\/product\/6553","targetHints":{"allow":["GET"]}}],"collection":[{"href":"https:\/\/nataliflorabcn.com\/ru\/wp-json\/wp\/v2\/product"}],"about":[{"href":"https:\/\/nataliflorabcn.com\/ru\/wp-json\/wp\/v2\/types\/product"}],"wp:featuredmedia":[{"embeddable":true,"href":"https:\/\/nataliflorabcn.com\/ru\/wp-json\/wp\/v2\/media\/6556"}],"wp:attachment":[{"href":"https:\/\/nataliflorabcn.com\/ru\/wp-json\/wp\/v2\/media?parent=6553"}],"wp:term":[{"taxonomy":"product_brand","embeddable":true,"href":"https:\/\/nataliflorabcn.com\/ru\/wp-json\/wp\/v2\/product_brand?post=6553"},{"taxonomy":"product_cat","embeddable":true,"href":"https:\/\/nataliflorabcn.com\/ru\/wp-json\/wp\/v2\/product_cat?post=6553"},{"taxonomy":"product_tag","embeddable":true,"href":"https:\/\/nataliflorabcn.com\/ru\/wp-json\/wp\/v2\/product_tag?post=6553"}],"curies":[{"name":"wp","href":"https:\/\/api.w.org\/{rel}","templated":true}]}}