{"id":5916,"date":"2025-09-18T15:05:24","date_gmt":"2025-09-18T15:05:24","guid":{"rendered":"https:\/\/nataliflorabcn.com\/?post_type=product&#038;p=5916"},"modified":"2025-11-19T16:08:25","modified_gmt":"2025-11-19T16:08:25","slug":"lujoso-ramo-otonal-de-rosas-hortensias-y-orquideas","status":"publish","type":"product","link":"https:\/\/nataliflorabcn.com\/ru\/product\/lujoso-ramo-otonal-de-rosas-hortensias-y-orquideas\/","title":{"rendered":"\u0420\u043e\u0441\u043a\u043e\u0448\u043d\u044b\u0439 \u043e\u0441\u0435\u043d\u043d\u0438\u0439 \u0431\u0443\u043a\u0435\u0442 \u0438\u0437 \u0440\u043e\u0437, \u0433\u043e\u0440\u0442\u0435\u043d\u0437\u0438\u0439 \u0438 \u043e\u0440\u0445\u0438\u0434\u0435\u0439"},"content":{"rendered":"<p>\u0413\u043e\u0440\u0442\u0435\u043d\u0437\u0438\u044f, \u043e\u0440\u0445\u0438\u0434\u0435\u044f, \u0433\u0432\u043e\u0437\u0434\u0438\u043a\u0430, \u043a\u0443\u0441\u0442\u043e\u0432\u0430\u044f \u0440\u043e\u0437\u0430, \u0440\u043e\u0437\u0430, \u043b\u0435\u0443\u043a\u043e\u0441\u043f\u0435\u0440\u043c\u0443\u043c.<\/p>\n<p><em>* \u0412 \u0437\u0430\u0432\u0438\u0441\u0438\u043c\u043e\u0441\u0442\u0438 \u043e\u0442 \u0441\u0435\u0437\u043e\u043d\u0430, \u043d\u0435\u043a\u043e\u0442\u043e\u0440\u044b\u0435 \u0446\u0432\u0435\u0442\u044b \u043c\u043e\u0433\u0443\u0442 \u0431\u044b\u0442\u044c \u043d\u0435\u0434\u043e\u0441\u0442\u0443\u043f\u043d\u044b \u0432 \u043d\u0430\u0448\u0435\u043c \u043c\u0430\u0433\u0430\u0437\u0438\u043d\u0435 \u0438 \u043c\u043e\u0433\u0443\u0442 \u0431\u044b\u0442\u044c \u0437\u0430\u043c\u0435\u043d\u0435\u043d\u044b \u0434\u0440\u0443\u0433\u0438\u043c\u0438.<\/em><\/p>","protected":false},"excerpt":{"rendered":"<p>Lujoso ramo oto\u00f1al de rosas, hortensias y orqu\u00eddeas: Hortensia, orqu\u00eddea, clavel, rosa ramificada, rosa, leucospermum. * Dependiendo de la temporada, algunas flores pueden no estar disponibles en nuestra tienda y podr\u00edan ser reemplazadas por otras.<\/p>","protected":false},"featured_media":5921,"template":"","meta":[],"product_brand":[],"product_cat":[58],"product_tag":[],"class_list":{"0":"post-5916","1":"product","2":"type-product","3":"status-publish","4":"has-post-thumbnail","6":"product_cat-ramos-de-autor","8":"first","9":"instock","10":"shipping-taxable","11":"purchasable","12":"product-type-simple"},"acf":[],"_links":{"self":[{"href":"https:\/\/nataliflorabcn.com\/ru\/wp-json\/wp\/v2\/product\/5916","targetHints":{"allow":["GET"]}}],"collection":[{"href":"https:\/\/nataliflorabcn.com\/ru\/wp-json\/wp\/v2\/product"}],"about":[{"href":"https:\/\/nataliflorabcn.com\/ru\/wp-json\/wp\/v2\/types\/product"}],"wp:featuredmedia":[{"embeddable":true,"href":"https:\/\/nataliflorabcn.com\/ru\/wp-json\/wp\/v2\/media\/5921"}],"wp:attachment":[{"href":"https:\/\/nataliflorabcn.com\/ru\/wp-json\/wp\/v2\/media?parent=5916"}],"wp:term":[{"taxonomy":"product_brand","embeddable":true,"href":"https:\/\/nataliflorabcn.com\/ru\/wp-json\/wp\/v2\/product_brand?post=5916"},{"taxonomy":"product_cat","embeddable":true,"href":"https:\/\/nataliflorabcn.com\/ru\/wp-json\/wp\/v2\/product_cat?post=5916"},{"taxonomy":"product_tag","embeddable":true,"href":"https:\/\/nataliflorabcn.com\/ru\/wp-json\/wp\/v2\/product_tag?post=5916"}],"curies":[{"name":"wp","href":"https:\/\/api.w.org\/{rel}","templated":true}]}}