{"id":501,"date":"2026-04-04T23:42:33","date_gmt":"2026-04-04T20:42:33","guid":{"rendered":"https:\/\/nataliflorabcn.com\/product\/encanto-primaveral\/"},"modified":"2026-04-04T23:57:30","modified_gmt":"2026-04-04T20:57:30","slug":"encanto-primaveral","status":"publish","type":"product","link":"https:\/\/nataliflorabcn.com\/ru\/product\/encanto-primaveral\/","title":{"rendered":"\u0412\u0435\u0441\u0435\u043d\u043d\u0435\u0435 \u043e\u0447\u0430\u0440\u043e\u0432\u0430\u043d\u0438\u0435"},"content":{"rendered":"<p>\u00abEncanto Primaveral\u00bb \u2014 \u044d\u0442\u043e \u0440\u043e\u0441\u043a\u043e\u0448\u043d\u0430\u044f \u0446\u0432\u0435\u0442\u043e\u0447\u043d\u0430\u044f \u043a\u043e\u043c\u043f\u043e\u0437\u0438\u0446\u0438\u044f, \u043d\u0430\u043f\u043e\u043b\u043d\u0435\u043d\u043d\u0430\u044f \u0441\u0432\u0435\u0436\u0435\u0441\u0442\u044c\u044e, \u0440\u0430\u0434\u043e\u0441\u0442\u044c\u044e \u0438 \u0438\u0441\u043a\u0440\u0435\u043d\u043d\u0438\u043c\u0438 \u044d\u043c\u043e\u0446\u0438\u044f\u043c\u0438. \u041a\u0430\u0436\u0434\u044b\u0439 \u0431\u0443\u043a\u0435\u0442 \u0441\u043e\u0437\u0434\u0430\u0451\u0442\u0441\u044f \u0432\u0440\u0443\u0447\u043d\u0443\u044e \u043f\u0440\u043e\u0444\u0435\u0441\u0441\u0438\u043e\u043d\u0430\u043b\u044c\u043d\u044b\u043c\u0438 \u0444\u043b\u043e\u0440\u0438\u0441\u0442\u0430\u043c\u0438 \u0441 \u0432\u043d\u0438\u043c\u0430\u043d\u0438\u0435\u043c \u043a \u0434\u0435\u0442\u0430\u043b\u044f\u043c \u2014 \u0434\u043b\u044f \u0431\u0435\u0437\u0443\u043f\u0440\u0435\u0447\u043d\u043e\u0439 \u043f\u043e\u0434\u0430\u0447\u0438 \u0438 \u043f\u043e-\u043d\u0430\u0441\u0442\u043e\u044f\u0449\u0435\u043c\u0443 \u043f\u0440\u0435\u043c\u0438\u0430\u043b\u044c\u043d\u043e\u0433\u043e \u0432\u043f\u0435\u0447\u0430\u0442\u043b\u0435\u043d\u0438\u044f.<br \/>\n\u042d\u0442\u0430 \u044d\u043a\u0441\u043a\u043b\u044e\u0437\u0438\u0432\u043d\u0430\u044f \u043a\u043e\u043c\u043f\u043e\u0437\u0438\u0446\u0438\u044f \u0438\u0434\u0435\u0430\u043b\u044c\u043d\u043e \u043f\u043e\u0434\u043e\u0439\u0434\u0451\u0442 \u0434\u043b\u044f \u0414\u043d\u044f \u0441\u0432\u044f\u0442\u043e\u0433\u043e \u0412\u0430\u043b\u0435\u043d\u0442\u0438\u043d\u0430, \u0433\u043e\u0434\u043e\u0432\u0449\u0438\u043d, \u0434\u043d\u0435\u0439 \u0440\u043e\u0436\u0434\u0435\u043d\u0438\u044f, \u0441\u0432\u0430\u0434\u0435\u0431 \u0438 \u043b\u044e\u0431\u044b\u0445 \u043e\u0441\u043e\u0431\u044b\u0445 \u0441\u043b\u0443\u0447\u0430\u0435\u0432, \u043a\u043e\u0433\u0434\u0430 \u0445\u043e\u0447\u0435\u0442\u0441\u044f \u0443\u0434\u0438\u0432\u0438\u0442\u044c \u0441\u0442\u0438\u043b\u044c\u043d\u044b\u043c \u0438 \u043f\u043e-\u043d\u0430\u0441\u0442\u043e\u044f\u0449\u0435\u043c\u0443 \u0443\u043d\u0438\u043a\u0430\u043b\u044c\u043d\u044b\u043c \u043f\u043e\u0434\u0430\u0440\u043a\u043e\u043c.<br \/>\n\u0418\u0434\u0435\u0430\u043b\u044c\u043d\u044b\u0439 \u0432\u044b\u0431\u043e\u0440 \u0434\u043b\u044f \u0442\u0435\u0445, \u043a\u0442\u043e \u0438\u0449\u0435\u0442 \u0430\u0432\u0442\u043e\u0440\u0441\u043a\u0443\u044e \u0446\u0432\u0435\u0442\u043e\u0447\u043d\u0443\u044e \u043a\u043e\u043c\u043f\u043e\u0437\u0438\u0446\u0438\u044e \u2014 \u044d\u043b\u0435\u0433\u0430\u043d\u0442\u043d\u0443\u044e, \u044f\u0440\u043a\u0443\u044e \u0438 \u0443\u0442\u043e\u043d\u0447\u0451\u043d\u043d\u0443\u044e, \u0441 \u044d\u043a\u0441\u043a\u043b\u044e\u0437\u0438\u0432\u043d\u044b\u043c \u0441\u0442\u0438\u043b\u0435\u043c \u0438 \u0434\u043e\u0441\u0442\u0430\u0432\u043a\u043e\u0439 \u043d\u0430 \u0434\u043e\u043c.<\/p>","protected":false},"excerpt":{"rendered":"<p>Encanto Primaveral es una composici\u00f3n floral de lujo dise\u00f1ada para transmitir frescura, alegr\u00eda y emociones sinceras. Cada arreglo se elabora a mano por floristas profesionales, cuidando cada detalle para ofrecer una presentaci\u00f3n impecable y una experiencia premium. Esta composici\u00f3n exclusiva es ideal para San Valent\u00edn, aniversarios, cumplea\u00f1os, bodas o cualquier ocasi\u00f3n especial donde quieras sorprender [&hellip;]<\/p>\n","protected":false},"featured_media":623,"comment_status":"open","ping_status":"closed","template":"","meta":[],"product_brand":[],"product_cat":[25,24,33],"product_tag":[],"class_list":{"0":"post-501","1":"product","2":"type-product","3":"status-publish","4":"has-post-thumbnail","6":"product_cat-ramos-de-autor","7":"product_cat-san-valentin","8":"product_cat-tulipanes","10":"first","11":"instock","12":"shipping-taxable","13":"purchasable","14":"product-type-simple"},"_links":{"self":[{"href":"https:\/\/nataliflorabcn.com\/ru\/wp-json\/wp\/v2\/product\/501","targetHints":{"allow":["GET"]}}],"collection":[{"href":"https:\/\/nataliflorabcn.com\/ru\/wp-json\/wp\/v2\/product"}],"about":[{"href":"https:\/\/nataliflorabcn.com\/ru\/wp-json\/wp\/v2\/types\/product"}],"replies":[{"embeddable":true,"href":"https:\/\/nataliflorabcn.com\/ru\/wp-json\/wp\/v2\/comments?post=501"}],"wp:featuredmedia":[{"embeddable":true,"href":"https:\/\/nataliflorabcn.com\/ru\/wp-json\/wp\/v2\/media\/623"}],"wp:attachment":[{"href":"https:\/\/nataliflorabcn.com\/ru\/wp-json\/wp\/v2\/media?parent=501"}],"wp:term":[{"taxonomy":"product_brand","embeddable":true,"href":"https:\/\/nataliflorabcn.com\/ru\/wp-json\/wp\/v2\/product_brand?post=501"},{"taxonomy":"product_cat","embeddable":true,"href":"https:\/\/nataliflorabcn.com\/ru\/wp-json\/wp\/v2\/product_cat?post=501"},{"taxonomy":"product_tag","embeddable":true,"href":"https:\/\/nataliflorabcn.com\/ru\/wp-json\/wp\/v2\/product_tag?post=501"}],"curies":[{"name":"wp","href":"https:\/\/api.w.org\/{rel}","templated":true}]}}