{"id":489,"date":"2026-04-04T23:42:18","date_gmt":"2026-04-04T20:42:18","guid":{"rendered":"https:\/\/nataliflorabcn.com\/product\/susurro-de-amor\/"},"modified":"2026-04-04T23:57:11","modified_gmt":"2026-04-04T20:57:11","slug":"susurro-de-amor","status":"publish","type":"product","link":"https:\/\/nataliflorabcn.com\/ru\/product\/susurro-de-amor\/","title":{"rendered":"Susurro de Amor"},"content":{"rendered":"<p>Susurro de Amor es una composici\u00f3n floral de lujo dise\u00f1ada para transmitir amor, ternura y emociones profundas. Cada arreglo se elabora cuidadosamente a mano por floristas profesionales, cuidando cada detalle para ofrecer una presentaci\u00f3n impecable y una experiencia premium.<br \/>\nEsta composici\u00f3n exclusiva es ideal para San Valent\u00edn, aniversarios, cumplea\u00f1os, citas rom\u00e1nticas o cualquier ocasi\u00f3n especial donde quieras sorprender con un detalle \u00fanico y sofisticado.<br \/>\nPerfecta para quienes buscan una composici\u00f3n floral de autor elegante y refinada, con estilo exclusivo y entrega a domicilio.<\/p>\n<p>\u0412 \u0437\u0430\u0432\u0438\u0441\u0438\u043c\u043e\u0441\u0442\u0438 \u043e\u0442 \u0441\u0435\u0437\u043e\u043d\u0430 \u043d\u0435\u043a\u043e\u0442\u043e\u0440\u044b\u0435 \u0446\u0432\u0435\u0442\u044b \u043c\u043e\u0433\u0443\u0442 \u0431\u044b\u0442\u044c \u043d\u0435\u0434\u043e\u0441\u0442\u0443\u043f\u043d\u044b. \u0412 \u044d\u0442\u043e\u043c \u0441\u043b\u0443\u0447\u0430\u0435 \u043c\u044b \u0437\u0430\u043c\u0435\u043d\u0438\u043c \u0438\u0445 \u043d\u0430 \u0430\u043d\u0430\u043b\u043e\u0433\u0438\u0447\u043d\u044b\u0435, \u0441\u043e\u0445\u0440\u0430\u043d\u0438\u0432 \u0446\u0432\u0435\u0442\u043e\u0432\u0443\u044e \u0433\u0430\u043c\u043c\u0443 \u0438 \u043e\u0431\u0449\u0438\u0439 \u0441\u0442\u0438\u043b\u044c \u0431\u0443\u043a\u0435\u0442\u0430.<\/p>","protected":false},"excerpt":{"rendered":"<p>Susurro de Amor es una composici\u00f3n floral de lujo dise\u00f1ada para transmitir amor, ternura y emociones profundas. Cada arreglo se elabora cuidadosamente a mano por floristas profesionales, cuidando cada detalle para ofrecer una presentaci\u00f3n impecable y una experiencia premium. Esta composici\u00f3n exclusiva es ideal para San Valent\u00edn, aniversarios, cumplea\u00f1os, citas rom\u00e1nticas o cualquier ocasi\u00f3n especial [&hellip;]<\/p>","protected":false},"featured_media":617,"comment_status":"open","ping_status":"closed","template":"","meta":[],"product_brand":[],"product_cat":[25,24],"product_tag":[],"class_list":{"0":"post-489","1":"product","2":"type-product","3":"status-publish","4":"has-post-thumbnail","6":"product_cat-ramos-de-autor","7":"product_cat-san-valentin","9":"first","10":"instock","11":"shipping-taxable","12":"purchasable","13":"product-type-simple"},"_links":{"self":[{"href":"https:\/\/nataliflorabcn.com\/ru\/wp-json\/wp\/v2\/product\/489","targetHints":{"allow":["GET"]}}],"collection":[{"href":"https:\/\/nataliflorabcn.com\/ru\/wp-json\/wp\/v2\/product"}],"about":[{"href":"https:\/\/nataliflorabcn.com\/ru\/wp-json\/wp\/v2\/types\/product"}],"replies":[{"embeddable":true,"href":"https:\/\/nataliflorabcn.com\/ru\/wp-json\/wp\/v2\/comments?post=489"}],"wp:featuredmedia":[{"embeddable":true,"href":"https:\/\/nataliflorabcn.com\/ru\/wp-json\/wp\/v2\/media\/617"}],"wp:attachment":[{"href":"https:\/\/nataliflorabcn.com\/ru\/wp-json\/wp\/v2\/media?parent=489"}],"wp:term":[{"taxonomy":"product_brand","embeddable":true,"href":"https:\/\/nataliflorabcn.com\/ru\/wp-json\/wp\/v2\/product_brand?post=489"},{"taxonomy":"product_cat","embeddable":true,"href":"https:\/\/nataliflorabcn.com\/ru\/wp-json\/wp\/v2\/product_cat?post=489"},{"taxonomy":"product_tag","embeddable":true,"href":"https:\/\/nataliflorabcn.com\/ru\/wp-json\/wp\/v2\/product_tag?post=489"}],"curies":[{"name":"wp","href":"https:\/\/api.w.org\/{rel}","templated":true}]}}