{"id":481,"date":"2026-04-04T23:42:07","date_gmt":"2026-04-04T20:42:07","guid":{"rendered":"https:\/\/nataliflorabcn.com\/product\/alma-de-la-marquesa\/"},"modified":"2026-04-04T23:56:58","modified_gmt":"2026-04-04T20:56:58","slug":"alma-de-la-marquesa","status":"publish","type":"product","link":"https:\/\/nataliflorabcn.com\/ru\/product\/alma-de-la-marquesa\/","title":{"rendered":"\u0414\u0443\u0448\u0430 \u043c\u0430\u0440\u043a\u0438\u0437\u044b"},"content":{"rendered":"<p>\u00ab\u0414\u0443\u0448\u0430 \u043c\u0430\u0440\u043a\u0438\u0437\u044b\u00bb \u2014 \u0430\u0432\u0442\u043e\u0440\u0441\u043a\u0438\u0439 \u0431\u0443\u043a\u0435\u0442, \u0432 \u043a\u043e\u0442\u043e\u0440\u043e\u043c \u0441\u043e\u0447\u0435\u0442\u0430\u044e\u0442\u0441\u044f \u0440\u043e\u0441\u043a\u043e\u0448\u044c, \u044d\u043b\u0435\u0433\u0430\u043d\u0442\u043d\u043e\u0441\u0442\u044c \u0438 \u0438\u0437\u044b\u0441\u043a\u0430\u043d\u043d\u043e\u0441\u0442\u044c \u0432 \u043a\u0430\u0436\u0434\u043e\u0439 \u0434\u0435\u0442\u0430\u043b\u0438. \u0421\u043e\u0437\u0434\u0430\u043d\u043d\u044b\u0439 \u0434\u043b\u044f \u0442\u0435\u0445, \u043a\u0442\u043e \u0446\u0435\u043d\u0438\u0442 \u044d\u043a\u0441\u043a\u043b\u044e\u0437\u0438\u0432\u043d\u043e\u0441\u0442\u044c, \u043e\u043d \u0432\u044b\u0434\u0435\u043b\u044f\u0435\u0442\u0441\u044f \u0433\u0430\u0440\u043c\u043e\u043d\u0438\u0447\u043d\u044b\u043c \u0441\u043e\u0447\u0435\u0442\u0430\u043d\u0438\u0435\u043c \u0441\u0432\u0435\u0436\u0438\u0445 \u0446\u0432\u0435\u0442\u043e\u0432 \u0432\u044b\u0441\u043e\u043a\u043e\u0433\u043e \u043a\u0430\u0447\u0435\u0441\u0442\u0432\u0430, \u0441\u043e\u0437\u0434\u0430\u0432\u0430\u044f \u043a\u043e\u043c\u043f\u043e\u0437\u0438\u0446\u0438\u044e, \u043a\u043e\u0442\u043e\u0440\u0430\u044f \u0432\u043f\u0435\u0447\u0430\u0442\u043b\u044f\u0435\u0442 \u0438 \u0432\u044b\u0437\u044b\u0432\u0430\u0435\u0442 \u044d\u043c\u043e\u0446\u0438\u0438.<br \/>\nCada bouquet se elabora cuidadosamente a mano por floristas profesionales, asegurando que cada p\u00e9talo, cada color y cada forma se integren en una composici\u00f3n perfecta. Este ramo es ideal para San Valent\u00edn, aniversarios, cumplea\u00f1os, citas rom\u00e1nticas o cualquier ocasi\u00f3n especial en la que quieras expresar afecto y sensibilidad de forma \u00fanica.<br \/>\n\u00ab\u0414\u0443\u0448\u0430 \u043c\u0430\u0440\u043a\u0438\u0437\u044b\u00bb \u2014 \u0438\u0434\u0435\u0430\u043b\u044c\u043d\u044b\u0439 \u0432\u044b\u0431\u043e\u0440 \u0434\u043b\u044f \u0442\u0435\u0445, \u043a\u0442\u043e \u0438\u0449\u0435\u0442 \u044d\u043b\u0435\u0433\u0430\u043d\u0442\u043d\u044b\u0439 \u0438 \u044d\u043a\u0441\u043a\u043b\u044e\u0437\u0438\u0432\u043d\u044b\u0439 \u0430\u0432\u0442\u043e\u0440\u0441\u043a\u0438\u0439 \u0431\u0443\u043a\u0435\u0442 \u0441 \u043f\u0440\u0435\u043c\u0438\u0430\u043b\u044c\u043d\u043e\u0439 \u043f\u043e\u0434\u0430\u0447\u0435\u0439 \u0438 \u0443\u0442\u043e\u043d\u0447\u0451\u043d\u043d\u044b\u043c \u0441\u0442\u0438\u043b\u0435\u043c, \u0441 \u0432\u043e\u0437\u043c\u043e\u0436\u043d\u043e\u0441\u0442\u044c\u044e \u0434\u043e\u0441\u0442\u0430\u0432\u043a\u0438 \u043d\u0430 \u0434\u043e\u043c. \u042d\u0442\u043e \u043f\u043e\u0434\u0430\u0440\u043e\u043a, \u043a\u043e\u0442\u043e\u0440\u044b\u0439 \u043e\u0441\u0442\u0430\u0432\u043b\u044f\u0435\u0442 \u044f\u0440\u043a\u043e\u0435 \u0432\u043f\u0435\u0447\u0430\u0442\u043b\u0435\u043d\u0438\u0435 \u0438 \u043f\u0435\u0440\u0435\u0434\u0430\u0451\u0442 \u0447\u0443\u0432\u0441\u0442\u0432\u0430 \u0441 \u0438\u0437\u044b\u0441\u043a\u0430\u043d\u043d\u043e\u0441\u0442\u044c\u044e.<\/p>\n<p>\u0412 \u0437\u0430\u0432\u0438\u0441\u0438\u043c\u043e\u0441\u0442\u0438 \u043e\u0442 \u0441\u0435\u0437\u043e\u043d\u0430 \u043d\u0435\u043a\u043e\u0442\u043e\u0440\u044b\u0435 \u0446\u0432\u0435\u0442\u044b \u043c\u043e\u0433\u0443\u0442 \u0431\u044b\u0442\u044c \u043d\u0435\u0434\u043e\u0441\u0442\u0443\u043f\u043d\u044b. \u0412 \u044d\u0442\u043e\u043c \u0441\u043b\u0443\u0447\u0430\u0435 \u043c\u044b \u0437\u0430\u043c\u0435\u043d\u0438\u043c \u0438\u0445 \u043d\u0430 \u0430\u043d\u0430\u043b\u043e\u0433\u0438\u0447\u043d\u044b\u0435, \u0441\u043e\u0445\u0440\u0430\u043d\u0438\u0432 \u0446\u0432\u0435\u0442\u043e\u0432\u0443\u044e \u0433\u0430\u043c\u043c\u0443 \u0438 \u043e\u0431\u0449\u0438\u0439 \u0441\u0442\u0438\u043b\u044c \u0431\u0443\u043a\u0435\u0442\u0430.<\/p>","protected":false},"excerpt":{"rendered":"<p>Alma de la Marquesa es un ramo floral de autor que combina lujo, elegancia y sofisticaci\u00f3n en cada detalle. Dise\u00f1ado para quienes valoran la exclusividad, este arreglo destaca por su armoniosa mezcla de flores frescas de alta calidad, creando un dise\u00f1o que sorprende y emociona. Cada bouquet se elabora cuidadosamente a mano por floristas profesionales, [&hellip;]<\/p>","protected":false},"featured_media":613,"comment_status":"open","ping_status":"closed","template":"","meta":[],"product_brand":[],"product_cat":[25,24],"product_tag":[],"class_list":{"0":"post-481","1":"product","2":"type-product","3":"status-publish","4":"has-post-thumbnail","6":"product_cat-ramos-de-autor","7":"product_cat-san-valentin","9":"first","10":"instock","11":"shipping-taxable","12":"purchasable","13":"product-type-simple"},"_links":{"self":[{"href":"https:\/\/nataliflorabcn.com\/ru\/wp-json\/wp\/v2\/product\/481","targetHints":{"allow":["GET"]}}],"collection":[{"href":"https:\/\/nataliflorabcn.com\/ru\/wp-json\/wp\/v2\/product"}],"about":[{"href":"https:\/\/nataliflorabcn.com\/ru\/wp-json\/wp\/v2\/types\/product"}],"replies":[{"embeddable":true,"href":"https:\/\/nataliflorabcn.com\/ru\/wp-json\/wp\/v2\/comments?post=481"}],"wp:featuredmedia":[{"embeddable":true,"href":"https:\/\/nataliflorabcn.com\/ru\/wp-json\/wp\/v2\/media\/613"}],"wp:attachment":[{"href":"https:\/\/nataliflorabcn.com\/ru\/wp-json\/wp\/v2\/media?parent=481"}],"wp:term":[{"taxonomy":"product_brand","embeddable":true,"href":"https:\/\/nataliflorabcn.com\/ru\/wp-json\/wp\/v2\/product_brand?post=481"},{"taxonomy":"product_cat","embeddable":true,"href":"https:\/\/nataliflorabcn.com\/ru\/wp-json\/wp\/v2\/product_cat?post=481"},{"taxonomy":"product_tag","embeddable":true,"href":"https:\/\/nataliflorabcn.com\/ru\/wp-json\/wp\/v2\/product_tag?post=481"}],"curies":[{"name":"wp","href":"https:\/\/api.w.org\/{rel}","templated":true}]}}