{"id":479,"date":"2026-04-04T23:42:04","date_gmt":"2026-04-04T20:42:04","guid":{"rendered":"https:\/\/nataliflorabcn.com\/product\/corazon-encantado\/"},"modified":"2026-04-04T23:56:55","modified_gmt":"2026-04-04T20:56:55","slug":"corazon-encantado","status":"publish","type":"product","link":"https:\/\/nataliflorabcn.com\/ru\/product\/corazon-encantado\/","title":{"rendered":"\u041e\u0447\u0430\u0440\u043e\u0432\u0430\u043d\u043d\u043e\u0435 \u0441\u0435\u0440\u0434\u0446\u0435"},"content":{"rendered":"<p>\u00ab\u041e\u0447\u0430\u0440\u043e\u0432\u0430\u043d\u043d\u043e\u0435 \u0441\u0435\u0440\u0434\u0446\u0435\u00bb \u2014 \u0440\u043e\u0441\u043a\u043e\u0448\u043d\u044b\u0439 \u0440\u043e\u043c\u0430\u043d\u0442\u0438\u0447\u043d\u044b\u0439 \u0431\u0443\u043a\u0435\u0442, \u0441\u043e\u0437\u0434\u0430\u043d\u043d\u044b\u0439, \u0447\u0442\u043e\u0431\u044b \u043f\u0435\u0440\u0435\u0434\u0430\u0442\u044c \u043b\u044e\u0431\u043e\u0432\u044c, \u043d\u0435\u0436\u043d\u043e\u0441\u0442\u044c \u0438 \u0433\u043b\u0443\u0431\u043e\u043a\u0438\u0435 \u0447\u0443\u0432\u0441\u0442\u0432\u0430. \u042d\u0442\u0430 \u044d\u043a\u0441\u043a\u043b\u044e\u0437\u0438\u0432\u043d\u0430\u044f \u0430\u0432\u0442\u043e\u0440\u0441\u043a\u0430\u044f \u043a\u043e\u043c\u043f\u043e\u0437\u0438\u0446\u0438\u044f \u043e\u0431\u044a\u0435\u0434\u0438\u043d\u044f\u0435\u0442 \u0441\u0432\u0435\u0436\u0438\u0435 \u0446\u0432\u0435\u0442\u044b \u0432\u044b\u0441\u043e\u043a\u043e\u0433\u043e \u043a\u0430\u0447\u0435\u0441\u0442\u0432\u0430 \u0432 \u044d\u043b\u0435\u0433\u0430\u043d\u0442\u043d\u043e\u043c, \u0433\u0430\u0440\u043c\u043e\u043d\u0438\u0447\u043d\u043e\u043c \u0438 \u0443\u0442\u043e\u043d\u0447\u0451\u043d\u043d\u043e\u043c \u0434\u0438\u0437\u0430\u0439\u043d\u0435.<br \/>\n\u041a\u0430\u0436\u0434\u044b\u0439 \u0431\u0443\u043a\u0435\u0442 \u0441\u043e\u0437\u0434\u0430\u0451\u0442\u0441\u044f \u0432\u0440\u0443\u0447\u043d\u0443\u044e \u043f\u0440\u043e\u0444\u0435\u0441\u0441\u0438\u043e\u043d\u0430\u043b\u044c\u043d\u044b\u043c\u0438 \u0444\u043b\u043e\u0440\u0438\u0441\u0442\u0430\u043c\u0438 \u0441 \u0432\u043d\u0438\u043c\u0430\u043d\u0438\u0435\u043c \u043a \u043a\u0430\u0436\u0434\u043e\u0439 \u0434\u0435\u0442\u0430\u043b\u0438 \u2014 \u0447\u0442\u043e\u0431\u044b \u043e\u043d \u0432\u044b\u0433\u043b\u044f\u0434\u0435\u043b \u0431\u0435\u0437\u0443\u043f\u0440\u0435\u0447\u043d\u043e \u0438 \u0434\u0430\u0440\u0438\u043b \u043e\u0449\u0443\u0449\u0435\u043d\u0438\u0435 \u043d\u0430\u0441\u0442\u043e\u044f\u0449\u0435\u0433\u043e \u043f\u0440\u0435\u043c\u0438\u0430\u043b\u044c\u043d\u043e\u0433\u043e \u043f\u043e\u0434\u0430\u0440\u043a\u0430. \u00abCoraz\u00f3n Encantado\u00bb \u2014 \u0438\u0434\u0435\u0430\u043b\u044c\u043d\u044b\u0439 \u0432\u044b\u0431\u043e\u0440 \u0434\u043b\u044f \u0414\u043d\u044f \u0441\u0432\u044f\u0442\u043e\u0433\u043e \u0412\u0430\u043b\u0435\u043d\u0442\u0438\u043d\u0430, \u0433\u043e\u0434\u043e\u0432\u0449\u0438\u043d, \u0434\u043d\u0435\u0439 \u0440\u043e\u0436\u0434\u0435\u043d\u0438\u044f, \u0440\u043e\u043c\u0430\u043d\u0442\u0438\u0447\u0435\u0441\u043a\u0438\u0445 \u0432\u0441\u0442\u0440\u0435\u0447 \u0438 \u043b\u044e\u0431\u044b\u0445 \u043e\u0441\u043e\u0431\u044b\u0445 \u043c\u043e\u043c\u0435\u043d\u0442\u043e\u0432, \u043a\u043e\u0433\u0434\u0430 \u0445\u043e\u0447\u0435\u0442\u0441\u044f \u043f\u043e-\u043d\u0430\u0441\u0442\u043e\u044f\u0449\u0435\u043c\u0443 \u0443\u0434\u0438\u0432\u0438\u0442\u044c.<br \/>\n\u0418\u0434\u0435\u0430\u043b\u044c\u043d\u044b\u0439 \u0432\u0430\u0440\u0438\u0430\u043d\u0442 \u0434\u043b\u044f \u0442\u0435\u0445, \u043a\u0442\u043e \u0438\u0449\u0435\u0442 \u0430\u0432\u0442\u043e\u0440\u0441\u043a\u0438\u0439 \u0431\u0443\u043a\u0435\u0442 \u2014 \u044d\u043b\u0435\u0433\u0430\u043d\u0442\u043d\u044b\u0439, \u044d\u043a\u0441\u043a\u043b\u044e\u0437\u0438\u0432\u043d\u044b\u0439, \u0441 \u0443\u0442\u043e\u043d\u0447\u0451\u043d\u043d\u044b\u043c \u0441\u0442\u0438\u043b\u0435\u043c \u0438 \u0434\u043e\u0441\u0442\u0430\u0432\u043a\u043e\u0439 \u043d\u0430 \u0434\u043e\u043c.<\/p>\n<p>\u0412 \u0437\u0430\u0432\u0438\u0441\u0438\u043c\u043e\u0441\u0442\u0438 \u043e\u0442 \u0441\u0435\u0437\u043e\u043d\u0430 \u043d\u0435\u043a\u043e\u0442\u043e\u0440\u044b\u0435 \u0446\u0432\u0435\u0442\u044b \u043c\u043e\u0433\u0443\u0442 \u0431\u044b\u0442\u044c \u043d\u0435\u0434\u043e\u0441\u0442\u0443\u043f\u043d\u044b. \u0412 \u044d\u0442\u043e\u043c \u0441\u043b\u0443\u0447\u0430\u0435 \u043c\u044b \u0437\u0430\u043c\u0435\u043d\u0438\u043c \u0438\u0445 \u043d\u0430 \u0430\u043d\u0430\u043b\u043e\u0433\u0438\u0447\u043d\u044b\u0435, \u0441\u043e\u0445\u0440\u0430\u043d\u0438\u0432 \u0446\u0432\u0435\u0442\u043e\u0432\u0443\u044e \u0433\u0430\u043c\u043c\u0443 \u0438 \u043e\u0431\u0449\u0438\u0439 \u0441\u0442\u0438\u043b\u044c \u0431\u0443\u043a\u0435\u0442\u0430.<\/p>","protected":false},"excerpt":{"rendered":"<p>\u0421oraz\u00f3n Encantado es un ramo floral rom\u00e1ntico de lujo dise\u00f1ado para transmitir amor, ternura y emociones profundas. Esta composici\u00f3n exclusiva de autor combina flores frescas de alta calidad en un dise\u00f1o elegante, armonioso y sofisticado. Cada ramo se elabora a mano por floristas profesionales, cuidando cada detalle para ofrecer una experiencia premium y una presentaci\u00f3n [&hellip;]<\/p>","protected":false},"featured_media":612,"comment_status":"open","ping_status":"closed","template":"","meta":[],"product_brand":[],"product_cat":[25,24],"product_tag":[],"class_list":{"0":"post-479","1":"product","2":"type-product","3":"status-publish","4":"has-post-thumbnail","6":"product_cat-ramos-de-autor","7":"product_cat-san-valentin","9":"first","10":"instock","11":"shipping-taxable","12":"purchasable","13":"product-type-simple"},"_links":{"self":[{"href":"https:\/\/nataliflorabcn.com\/ru\/wp-json\/wp\/v2\/product\/479","targetHints":{"allow":["GET"]}}],"collection":[{"href":"https:\/\/nataliflorabcn.com\/ru\/wp-json\/wp\/v2\/product"}],"about":[{"href":"https:\/\/nataliflorabcn.com\/ru\/wp-json\/wp\/v2\/types\/product"}],"replies":[{"embeddable":true,"href":"https:\/\/nataliflorabcn.com\/ru\/wp-json\/wp\/v2\/comments?post=479"}],"wp:featuredmedia":[{"embeddable":true,"href":"https:\/\/nataliflorabcn.com\/ru\/wp-json\/wp\/v2\/media\/612"}],"wp:attachment":[{"href":"https:\/\/nataliflorabcn.com\/ru\/wp-json\/wp\/v2\/media?parent=479"}],"wp:term":[{"taxonomy":"product_brand","embeddable":true,"href":"https:\/\/nataliflorabcn.com\/ru\/wp-json\/wp\/v2\/product_brand?post=479"},{"taxonomy":"product_cat","embeddable":true,"href":"https:\/\/nataliflorabcn.com\/ru\/wp-json\/wp\/v2\/product_cat?post=479"},{"taxonomy":"product_tag","embeddable":true,"href":"https:\/\/nataliflorabcn.com\/ru\/wp-json\/wp\/v2\/product_tag?post=479"}],"curies":[{"name":"wp","href":"https:\/\/api.w.org\/{rel}","templated":true}]}}