{"id":473,"date":"2025-06-03T10:57:11","date_gmt":"2025-06-03T10:57:11","guid":{"rendered":"https:\/\/nataliflorabcn.com\/?post_type=product&#038;p=473"},"modified":"2026-02-10T09:34:22","modified_gmt":"2026-02-10T09:34:22","slug":"gran-ramo-en-tonos-rosas","status":"publish","type":"product","link":"https:\/\/nataliflorabcn.com\/ru\/product\/gran-ramo-en-tonos-rosas\/","title":{"rendered":"\u0411\u043e\u043b\u044c\u0448\u043e\u0439 \u0431\u0443\u043a\u0435\u0442 \u0432 \u0440\u043e\u0437\u043e\u0432\u044b\u0445 \u0442\u043e\u043d\u0430\u0445"},"content":{"rendered":"<p>\u0411\u043e\u043b\u044c\u0448\u043e\u0439 \u0431\u0443\u043a\u0435\u0442 \u0432 \u0440\u043e\u0437\u043e\u0432\u044b\u0445 \u0442\u043e\u043d\u0430\u0445: \u043f\u0438\u043e\u043d\u044b, \u0433\u043e\u0440\u0442\u0435\u043d\u0437\u0438\u0438 \u0438 \u0446\u0432\u0435\u0442\u043e\u0447\u043d\u043e\u0435 \u0430\u0441\u0441\u043e\u0440\u0442\u0438.<\/p>\n<p><em>*<\/em>Dependiendo de la temporada, es posible que algunas flores no est\u00e9n disponibles. En ese caso, podr\u00e1n ser sustituidas por otras similares, manteniendo la armon\u00eda de colores y el estilo del ramo.<\/p>\n<article class=\"text-token-text-primary w-full focus:outline-none [--shadow-height:45px] has-data-writing-block:pointer-events-none has-data-writing-block:-mt-(--shadow-height) has-data-writing-block:pt-(--shadow-height) [&amp;:has([data-writing-block])&gt;*]:pointer-events-auto scroll-mt-(--header-height)\" dir=\"auto\" tabindex=\"-1\" data-turn-id=\"ed59473c-c832-45d8-b824-f0e4c9743211\" data-testid=\"conversation-turn-41\" data-scroll-anchor=\"false\" data-turn=\"user\">\n<div class=\"text-base my-auto mx-auto pt-12 [--thread-content-margin:--spacing(4)] @w-sm\/main:[--thread-content-margin:--spacing(6)] @w-lg\/main:[--thread-content-margin:--spacing(16)] px-(--thread-content-margin)\">\n<div class=\"[--thread-content-max-width:40rem] @w-lg\/main:[--thread-content-max-width:48rem] mx-auto max-w-(--thread-content-max-width) flex-1 group\/turn-messages focus-visible:outline-hidden relative flex w-full min-w-0 flex-col\" tabindex=\"-1\">\n<div class=\"z-0 flex justify-end\"><\/div>\n<\/div>\n<\/div>\n<\/article>","protected":false},"excerpt":{"rendered":"<p>\u0411\u043e\u043b\u044c\u0448\u043e\u0439 \u0431\u0443\u043a\u0435\u0442 \u0432 \u0440\u043e\u0437\u043e\u0432\u044b\u0445 \u0442\u043e\u043d\u0430\u0445: \u043f\u0438\u043e\u043d\u044b, \u0433\u043e\u0440\u0442\u0435\u043d\u0437\u0438\u0438 \u0438 \u0446\u0432\u0435\u0442\u043e\u0447\u043d\u043e\u0435 \u0430\u0441\u0441\u043e\u0440\u0442\u0438.<\/p>","protected":false},"featured_media":819,"template":"","meta":[],"product_brand":[],"product_cat":[125,58],"product_tag":[],"class_list":{"0":"post-473","1":"product","2":"type-product","3":"status-publish","4":"has-post-thumbnail","6":"product_cat-peonias","7":"product_cat-ramos-de-autor","9":"first","10":"instock","11":"shipping-taxable","12":"purchasable","13":"product-type-simple"},"acf":[],"_links":{"self":[{"href":"https:\/\/nataliflorabcn.com\/ru\/wp-json\/wp\/v2\/product\/473","targetHints":{"allow":["GET"]}}],"collection":[{"href":"https:\/\/nataliflorabcn.com\/ru\/wp-json\/wp\/v2\/product"}],"about":[{"href":"https:\/\/nataliflorabcn.com\/ru\/wp-json\/wp\/v2\/types\/product"}],"wp:featuredmedia":[{"embeddable":true,"href":"https:\/\/nataliflorabcn.com\/ru\/wp-json\/wp\/v2\/media\/819"}],"wp:attachment":[{"href":"https:\/\/nataliflorabcn.com\/ru\/wp-json\/wp\/v2\/media?parent=473"}],"wp:term":[{"taxonomy":"product_brand","embeddable":true,"href":"https:\/\/nataliflorabcn.com\/ru\/wp-json\/wp\/v2\/product_brand?post=473"},{"taxonomy":"product_cat","embeddable":true,"href":"https:\/\/nataliflorabcn.com\/ru\/wp-json\/wp\/v2\/product_cat?post=473"},{"taxonomy":"product_tag","embeddable":true,"href":"https:\/\/nataliflorabcn.com\/ru\/wp-json\/wp\/v2\/product_tag?post=473"}],"curies":[{"name":"wp","href":"https:\/\/api.w.org\/{rel}","templated":true}]}}