{"id":469,"date":"2026-04-04T23:41:52","date_gmt":"2026-04-04T20:41:52","guid":{"rendered":"https:\/\/nataliflorabcn.com\/product\/pequena-composicion-navidena-en-tonos-rosas\/"},"modified":"2026-04-04T23:56:38","modified_gmt":"2026-04-04T20:56:38","slug":"pequena-composicion-navidena-en-tonos-rosas","status":"publish","type":"product","link":"https:\/\/nataliflorabcn.com\/ru\/product\/pequena-composicion-navidena-en-tonos-rosas\/","title":{"rendered":"\u041c\u0430\u043b\u0435\u043d\u044c\u043a\u0430\u044f \u043f\u0440\u0430\u0437\u0434\u043d\u0438\u0447\u043d\u0430\u044f \u043a\u043e\u043c\u043f\u043e\u0437\u0438\u0446\u0438\u044f \u0432 \u0440\u043e\u0437\u043e\u0432\u044b\u0445 \u0442\u043e\u043d\u0430\u0445"},"content":{"rendered":"<p>Nuestra peque\u00f1a composici\u00f3n navide\u00f1a en tonos rosas est\u00e1 dise\u00f1ada para quienes buscan una decoraci\u00f3n elegante, moderna y delicada, sin ocupar demasiado espacio. Ideal para mesas, estanter\u00edas, recibidores o cualquier rinc\u00f3n de la casa, esta composici\u00f3n combina elementos tradicionales con un toque innovador en tonos rosas, creando un ambiente \u00fanico y sofisticado durante las fiestas.<br \/>\n\u041a\u0430\u0436\u0434\u0430\u044f \u043d\u043e\u0432\u043e\u0433\u043e\u0434\u043d\u044f\u044f \u043a\u043e\u043c\u043f\u043e\u0437\u0438\u0446\u0438\u044f \u0432 \u0440\u043e\u0437\u043e\u0432\u044b\u0445 \u043e\u0442\u0442\u0435\u043d\u043a\u0430\u0445 \u0441\u043e\u0437\u0434\u0430\u0451\u0442\u0441\u044f \u0432\u0440\u0443\u0447\u043d\u0443\u044e \u0438\u0437 \u043a\u0430\u0447\u0435\u0441\u0442\u0432\u0435\u043d\u043d\u044b\u0445 \u043c\u0430\u0442\u0435\u0440\u0438\u0430\u043b\u043e\u0432 \u0438 \u0441 \u0442\u0449\u0430\u0442\u0435\u043b\u044c\u043d\u043e \u043f\u043e\u0434\u043e\u0431\u0440\u0430\u043d\u043d\u044b\u043c \u0434\u0435\u043a\u043e\u0440\u043e\u043c. \u0421\u043e\u0447\u0435\u0442\u0430\u043d\u0438\u0435 \u0440\u043e\u0437\u043e\u0432\u043e\u0433\u043e, \u0431\u0435\u043b\u043e\u0433\u043e \u0438 \u0441\u0435\u0440\u0435\u0431\u0440\u0438\u0441\u0442\u043e\u0433\u043e \u0446\u0432\u0435\u0442\u043e\u0432 \u043e\u0431\u0440\u0430\u0437\u0443\u0435\u0442 \u0433\u0430\u0440\u043c\u043e\u043d\u0438\u0447\u043d\u044b\u0439, \u0441\u043e\u0432\u0440\u0435\u043c\u0435\u043d\u043d\u044b\u0439 \u0438 \u0443\u0442\u043e\u043d\u0447\u0451\u043d\u043d\u044b\u0439 \u0434\u0438\u0437\u0430\u0439\u043d \u2014 \u043e\u0442\u043b\u0438\u0447\u043d\u044b\u0439 \u0432\u044b\u0431\u043e\u0440 \u0434\u043b\u044f \u0442\u0435\u0445, \u043a\u0442\u043e \u0438\u0449\u0435\u0442 \u043d\u0435\u043e\u0431\u044b\u0447\u043d\u044b\u0439 \u0438 \u044d\u043b\u0435\u0433\u0430\u043d\u0442\u043d\u044b\u0439 \u043d\u043e\u0432\u043e\u0433\u043e\u0434\u043d\u0438\u0439 \u0441\u0442\u0438\u043b\u044c. \u0411\u043b\u0430\u0433\u043e\u0434\u0430\u0440\u044f \u043a\u043e\u043c\u043f\u0430\u043a\u0442\u043d\u043e\u043c\u0443 \u0440\u0430\u0437\u043c\u0435\u0440\u0443 \u0435\u0451 \u043b\u0435\u0433\u043a\u043e \u0440\u0430\u0437\u043c\u0435\u0441\u0442\u0438\u0442\u044c \u043d\u0430 \u0441\u0442\u043e\u043b\u0435, \u043a\u0430\u043c\u0438\u043d\u0435 \u0438\u043b\u0438 \u043f\u043e\u043b\u043a\u0435 \u2014 \u043e\u043d\u0430 \u0434\u043e\u0431\u0430\u0432\u0438\u0442 \u043f\u0440\u0430\u0437\u0434\u043d\u0438\u0447\u043d\u044b\u0439 \u0430\u043a\u0446\u0435\u043d\u0442, \u043d\u0435 \u0437\u0430\u043d\u0438\u043c\u0430\u044f \u043c\u043d\u043e\u0433\u043e \u043c\u0435\u0441\u0442\u0430.<\/p>","protected":false},"excerpt":{"rendered":"<p>Nuestra peque\u00f1a composici\u00f3n navide\u00f1a en tonos rosas est\u00e1 dise\u00f1ada para quienes buscan una decoraci\u00f3n elegante, moderna y delicada, sin ocupar demasiado espacio. Ideal para mesas, estanter\u00edas, recibidores o cualquier rinc\u00f3n de la casa, esta composici\u00f3n combina elementos tradicionales con un toque innovador en tonos rosas, creando un ambiente \u00fanico y sofisticado durante las fiestas. Cada [&hellip;]<\/p>","protected":false},"featured_media":607,"comment_status":"open","ping_status":"closed","template":"","meta":[],"product_brand":[],"product_cat":[28],"product_tag":[],"class_list":{"0":"post-469","1":"product","2":"type-product","3":"status-publish","4":"has-post-thumbnail","6":"product_cat-composiciones-navidenas","8":"first","9":"instock","10":"shipping-taxable","11":"purchasable","12":"product-type-simple"},"_links":{"self":[{"href":"https:\/\/nataliflorabcn.com\/ru\/wp-json\/wp\/v2\/product\/469","targetHints":{"allow":["GET"]}}],"collection":[{"href":"https:\/\/nataliflorabcn.com\/ru\/wp-json\/wp\/v2\/product"}],"about":[{"href":"https:\/\/nataliflorabcn.com\/ru\/wp-json\/wp\/v2\/types\/product"}],"replies":[{"embeddable":true,"href":"https:\/\/nataliflorabcn.com\/ru\/wp-json\/wp\/v2\/comments?post=469"}],"wp:featuredmedia":[{"embeddable":true,"href":"https:\/\/nataliflorabcn.com\/ru\/wp-json\/wp\/v2\/media\/607"}],"wp:attachment":[{"href":"https:\/\/nataliflorabcn.com\/ru\/wp-json\/wp\/v2\/media?parent=469"}],"wp:term":[{"taxonomy":"product_brand","embeddable":true,"href":"https:\/\/nataliflorabcn.com\/ru\/wp-json\/wp\/v2\/product_brand?post=469"},{"taxonomy":"product_cat","embeddable":true,"href":"https:\/\/nataliflorabcn.com\/ru\/wp-json\/wp\/v2\/product_cat?post=469"},{"taxonomy":"product_tag","embeddable":true,"href":"https:\/\/nataliflorabcn.com\/ru\/wp-json\/wp\/v2\/product_tag?post=469"}],"curies":[{"name":"wp","href":"https:\/\/api.w.org\/{rel}","templated":true}]}}