{"id":467,"date":"2026-04-04T23:41:51","date_gmt":"2026-04-04T20:41:51","guid":{"rendered":"https:\/\/nataliflorabcn.com\/product\/composicion-navidena-clasica\/"},"modified":"2026-04-04T23:56:36","modified_gmt":"2026-04-04T20:56:36","slug":"composicion-navidena-clasica","status":"publish","type":"product","link":"https:\/\/nataliflorabcn.com\/ru\/product\/composicion-navidena-clasica\/","title":{"rendered":"\u041a\u043b\u0430\u0441\u0441\u0438\u0447\u0435\u0441\u043a\u0430\u044f \u043d\u043e\u0432\u043e\u0433\u043e\u0434\u043d\u044f\u044f \u043a\u043e\u043c\u043f\u043e\u0437\u0438\u0446\u0438\u044f"},"content":{"rendered":"<p>\u041d\u0430\u0448\u0430 \u043a\u043b\u0430\u0441\u0441\u0438\u0447\u0435\u0441\u043a\u0430\u044f \u043d\u043e\u0432\u043e\u0433\u043e\u0434\u043d\u044f\u044f \u043a\u043e\u043c\u043f\u043e\u0437\u0438\u0446\u0438\u044f \u0441\u043e\u0437\u0434\u0430\u043d\u0430 \u0434\u043b\u044f \u0442\u0435\u0445, \u043a\u0442\u043e \u0446\u0435\u043d\u0438\u0442 \u0442\u0440\u0430\u0434\u0438\u0446\u0438\u043e\u043d\u043d\u044b\u0439, \u044d\u043b\u0435\u0433\u0430\u043d\u0442\u043d\u044b\u0439 \u0438 \u0443\u044e\u0442\u043d\u044b\u0439 \u0441\u0442\u0438\u043b\u044c. \u041e\u043d\u0430 \u0438\u0434\u0435\u0430\u043b\u044c\u043d\u043e \u043f\u043e\u0434\u043e\u0439\u0434\u0451\u0442 \u0434\u043b\u044f \u0443\u043a\u0440\u0430\u0448\u0435\u043d\u0438\u044f \u0441\u0442\u043e\u043b\u0430, \u043f\u043e\u043b\u043e\u043a, \u043f\u0440\u0438\u0445\u043e\u0436\u0435\u0439 \u0438\u043b\u0438 \u043b\u044e\u0431\u043e\u0433\u043e \u0443\u0433\u043e\u043b\u043a\u0430 \u0434\u043e\u043c\u0430, \u0441\u043e\u0447\u0435\u0442\u0430\u044f \u043a\u043b\u0430\u0441\u0441\u0438\u0447\u0435\u0441\u043a\u0438\u0435 \u043f\u0440\u0430\u0437\u0434\u043d\u0438\u0447\u043d\u044b\u0435 \u044d\u043b\u0435\u043c\u0435\u043d\u0442\u044b \u0441 \u0440\u0443\u0447\u043d\u043e\u0439 \u0440\u0430\u0431\u043e\u0442\u043e\u0439, \u043a\u043e\u0442\u043e\u0440\u0430\u044f \u0434\u043e\u0431\u0430\u0432\u043b\u044f\u0435\u0442 \u043e\u0441\u043e\u0431\u044b\u0439 \u0448\u0430\u0440\u043c \u0438 \u0443\u0442\u043e\u043d\u0447\u0451\u043d\u043d\u043e\u0441\u0442\u044c \u0438\u043d\u0442\u0435\u0440\u044c\u0435\u0440\u0443.<br \/>\nCada composici\u00f3n navide\u00f1a artesanal est\u00e1 elaborada cuidadosamente con materiales de alta calidad y adornos seleccionados a mano. Los colores cl\u00e1sicos de la Navidad \u2014rojo, verde y dorado\u2014 se combinan para crear un dise\u00f1o armonioso y atemporal, perfecto para quienes desean mantener la tradici\u00f3n navide\u00f1a en su hogar. Su tama\u00f1o es ideal para colocarla en cualquier espacio sin ocupar demasiado lugar, agregando un detalle festivo elegante.<br \/>\n\u041e\u0441\u043d\u043e\u0432\u043d\u044b\u0435 \u043e\u0441\u043e\u0431\u0435\u043d\u043d\u043e\u0441\u0442\u0438 \u043a\u043b\u0430\u0441\u0441\u0438\u0447\u0435\u0441\u043a\u043e\u0439 \u043d\u043e\u0432\u043e\u0433\u043e\u0434\u043d\u0435\u0439 \u043a\u043e\u043c\u043f\u043e\u0437\u0438\u0446\u0438\u0438<\/p>\n<p>Dise\u00f1o artesanal con atenci\u00f3n a cada detalle.<\/p>\n<p>Adornos duraderos: lazos, pi\u00f1as, esferas y elementos decorativos navide\u00f1os en colores cl\u00e1sicos.<\/p>\n<p>Tama\u00f1o compacto perfecto para mesas, estanter\u00edas o recibidores.<\/p>\n<p>Colores tradicionales: rojo, verde y dorado.<\/p>\n<p>\u0418\u0434\u0435\u0430\u043b\u044c\u043d\u043e \u043f\u043e\u0434\u0445\u043e\u0434\u0438\u0442 \u0432 \u043a\u0430\u0447\u0435\u0441\u0442\u0432\u0435 \u043f\u043e\u0434\u0430\u0440\u043a\u0430 \u0438\u043b\u0438 \u0434\u043e\u043f\u043e\u043b\u043d\u0435\u043d\u0438\u044f \u043a \u0434\u0440\u0443\u0433\u0438\u043c \u043d\u043e\u0432\u043e\u0433\u043e\u0434\u043d\u0438\u043c \u0443\u043a\u0440\u0430\u0448\u0435\u043d\u0438\u044f\u043c.<\/p>","protected":false},"excerpt":{"rendered":"<p>Nuestra composici\u00f3n navide\u00f1a cl\u00e1sica est\u00e1 dise\u00f1ada para quienes buscan un estilo tradicional, elegante y acogedor. Ideal para mesas, estanter\u00edas, recibidores o cualquier rinc\u00f3n del hogar, esta composici\u00f3n combina elementos navide\u00f1os tradicionales con un toque artesanal que aporta encanto y sofisticaci\u00f3n a la decoraci\u00f3n. Cada composici\u00f3n navide\u00f1a artesanal est\u00e1 elaborada cuidadosamente con materiales de alta calidad [&hellip;]<\/p>","protected":false},"featured_media":606,"comment_status":"open","ping_status":"closed","template":"","meta":[],"product_brand":[],"product_cat":[28],"product_tag":[],"class_list":{"0":"post-467","1":"product","2":"type-product","3":"status-publish","4":"has-post-thumbnail","6":"product_cat-composiciones-navidenas","8":"first","9":"instock","10":"shipping-taxable","11":"purchasable","12":"product-type-simple"},"_links":{"self":[{"href":"https:\/\/nataliflorabcn.com\/ru\/wp-json\/wp\/v2\/product\/467","targetHints":{"allow":["GET"]}}],"collection":[{"href":"https:\/\/nataliflorabcn.com\/ru\/wp-json\/wp\/v2\/product"}],"about":[{"href":"https:\/\/nataliflorabcn.com\/ru\/wp-json\/wp\/v2\/types\/product"}],"replies":[{"embeddable":true,"href":"https:\/\/nataliflorabcn.com\/ru\/wp-json\/wp\/v2\/comments?post=467"}],"wp:featuredmedia":[{"embeddable":true,"href":"https:\/\/nataliflorabcn.com\/ru\/wp-json\/wp\/v2\/media\/606"}],"wp:attachment":[{"href":"https:\/\/nataliflorabcn.com\/ru\/wp-json\/wp\/v2\/media?parent=467"}],"wp:term":[{"taxonomy":"product_brand","embeddable":true,"href":"https:\/\/nataliflorabcn.com\/ru\/wp-json\/wp\/v2\/product_brand?post=467"},{"taxonomy":"product_cat","embeddable":true,"href":"https:\/\/nataliflorabcn.com\/ru\/wp-json\/wp\/v2\/product_cat?post=467"},{"taxonomy":"product_tag","embeddable":true,"href":"https:\/\/nataliflorabcn.com\/ru\/wp-json\/wp\/v2\/product_tag?post=467"}],"curies":[{"name":"wp","href":"https:\/\/api.w.org\/{rel}","templated":true}]}}