{"id":380,"date":"2026-04-04T23:40:11","date_gmt":"2026-04-04T20:40:11","guid":{"rendered":"https:\/\/nataliflorabcn.com\/product\/vintage\/"},"modified":"2026-04-04T23:54:34","modified_gmt":"2026-04-04T20:54:34","slug":"vintage","status":"publish","type":"product","link":"https:\/\/nataliflorabcn.com\/ru\/product\/vintage\/","title":{"rendered":"Vintage"},"content":{"rendered":"<p>Vintage es una composici\u00f3n floral de lujo que combina distintas flores frescas premium para crear un dise\u00f1o armonioso, colorido y sofisticado. Cada arreglo refleja elegancia y estilo \u00fanico, ideal para sorprender y emocionar.<br \/>\nCada composici\u00f3n se elabora a mano por floristas profesionales, cuidando cada detalle para garantizar una presentaci\u00f3n impecable y una experiencia premium.<br \/>\nPerfecta para San Valent\u00edn, aniversarios, cumplea\u00f1os, bodas o cualquier ocasi\u00f3n especial, esta creaci\u00f3n es ideal para quienes buscan una composici\u00f3n floral de autor elegante y exclusiva, con estilo refinado y entrega a domicilio.<br \/>\n\u0412 \u0437\u0430\u0432\u0438\u0441\u0438\u043c\u043e\u0441\u0442\u0438 \u043e\u0442 \u0441\u0435\u0437\u043e\u043d\u0430 \u043d\u0435\u043a\u043e\u0442\u043e\u0440\u044b\u0435 \u0446\u0432\u0435\u0442\u044b \u043c\u043e\u0433\u0443\u0442 \u0431\u044b\u0442\u044c \u043d\u0435\u0434\u043e\u0441\u0442\u0443\u043f\u043d\u044b \u2014 \u0432 \u044d\u0442\u043e\u043c \u0441\u043b\u0443\u0447\u0430\u0435 \u043c\u044b \u0437\u0430\u043c\u0435\u043d\u0438\u043c \u0438\u0445 \u043d\u0430 \u0430\u043d\u0430\u043b\u043e\u0433\u0438\u0447\u043d\u044b\u0435.<\/p>","protected":false},"excerpt":{"rendered":"<p>Vintage es una composici\u00f3n floral de lujo que combina distintas flores frescas premium para crear un dise\u00f1o armonioso, colorido y sofisticado. Cada arreglo refleja elegancia y estilo \u00fanico, ideal para sorprender y emocionar. Cada composici\u00f3n se elabora a mano por floristas profesionales, cuidando cada detalle para garantizar una presentaci\u00f3n impecable y una experiencia premium. Perfecta [&hellip;]<\/p>","protected":false},"featured_media":563,"comment_status":"open","ping_status":"closed","template":"","meta":[],"product_brand":[],"product_cat":[29],"product_tag":[],"class_list":{"0":"post-380","1":"product","2":"type-product","3":"status-publish","4":"has-post-thumbnail","6":"product_cat-flores-en-caja-sombrerera","8":"first","9":"instock","10":"shipping-taxable","11":"purchasable","12":"product-type-simple"},"_links":{"self":[{"href":"https:\/\/nataliflorabcn.com\/ru\/wp-json\/wp\/v2\/product\/380","targetHints":{"allow":["GET"]}}],"collection":[{"href":"https:\/\/nataliflorabcn.com\/ru\/wp-json\/wp\/v2\/product"}],"about":[{"href":"https:\/\/nataliflorabcn.com\/ru\/wp-json\/wp\/v2\/types\/product"}],"replies":[{"embeddable":true,"href":"https:\/\/nataliflorabcn.com\/ru\/wp-json\/wp\/v2\/comments?post=380"}],"wp:featuredmedia":[{"embeddable":true,"href":"https:\/\/nataliflorabcn.com\/ru\/wp-json\/wp\/v2\/media\/563"}],"wp:attachment":[{"href":"https:\/\/nataliflorabcn.com\/ru\/wp-json\/wp\/v2\/media?parent=380"}],"wp:term":[{"taxonomy":"product_brand","embeddable":true,"href":"https:\/\/nataliflorabcn.com\/ru\/wp-json\/wp\/v2\/product_brand?post=380"},{"taxonomy":"product_cat","embeddable":true,"href":"https:\/\/nataliflorabcn.com\/ru\/wp-json\/wp\/v2\/product_cat?post=380"},{"taxonomy":"product_tag","embeddable":true,"href":"https:\/\/nataliflorabcn.com\/ru\/wp-json\/wp\/v2\/product_tag?post=380"}],"curies":[{"name":"wp","href":"https:\/\/api.w.org\/{rel}","templated":true}]}}