{"id":360,"date":"2026-04-04T23:39:56","date_gmt":"2026-04-04T20:39:56","guid":{"rendered":"https:\/\/nataliflorabcn.com\/product\/alma-de-peonia\/"},"modified":"2026-04-04T23:54:16","modified_gmt":"2026-04-04T20:54:16","slug":"alma-de-peonia","status":"publish","type":"product","link":"https:\/\/nataliflorabcn.com\/ru\/product\/alma-de-peonia\/","title":{"rendered":"\u0414\u0443\u0448\u0430 \u043f\u0438\u043e\u043d\u0430"},"content":{"rendered":"<p>\u00ab\u0414\u0443\u0448\u0430 \u043f\u0438\u043e\u043d\u0430\u00bb \u2014 \u0431\u0443\u043a\u0435\u0442, \u043a\u043e\u0442\u043e\u0440\u044b\u0439 \u043f\u0440\u043e\u0431\u0443\u0436\u0434\u0430\u0435\u0442 \u044d\u043c\u043e\u0446\u0438\u0438 \u0438 \u0437\u0430\u0432\u043e\u0440\u0430\u0436\u0438\u0432\u0430\u0435\u0442 \u0441 \u043f\u0435\u0440\u0432\u043e\u0433\u043e \u0432\u0437\u0433\u043b\u044f\u0434\u0430. \u041a\u0430\u0436\u0434\u0430\u044f \u0441\u0432\u0435\u0436\u0430\u044f \u043f\u0438\u043e\u043d\u043e\u0432\u0438\u0434\u043d\u0430\u044f \u0440\u043e\u0437\u0430 \u0442\u0449\u0430\u0442\u0435\u043b\u044c\u043d\u043e \u043e\u0442\u043e\u0431\u0440\u0430\u043d\u0430, \u0447\u0442\u043e\u0431\u044b \u043e\u0431\u0435\u0441\u043f\u0435\u0447\u0438\u0442\u044c \u043c\u0430\u043a\u0441\u0438\u043c\u0430\u043b\u044c\u043d\u0443\u044e \u0441\u0432\u0435\u0436\u0435\u0441\u0442\u044c, \u043a\u0440\u0430\u0441\u043e\u0442\u0443 \u0438 \u0441\u0442\u043e\u0439\u043a\u043e\u0441\u0442\u044c. \u0412 \u0440\u0435\u0437\u0443\u043b\u044c\u0442\u0430\u0442\u0435 \u043f\u043e\u043b\u0443\u0447\u0430\u0435\u0442\u0441\u044f \u044d\u043b\u0435\u0433\u0430\u043d\u0442\u043d\u0430\u044f \u0438 \u0443\u0442\u043e\u043d\u0447\u0451\u043d\u043d\u0430\u044f \u043a\u043e\u043c\u043f\u043e\u0437\u0438\u0446\u0438\u044f, \u043f\u0435\u0440\u0435\u0434\u0430\u044e\u0449\u0430\u044f \u0440\u043e\u043c\u0430\u043d\u0442\u0438\u043a\u0443, \u043d\u0435\u0436\u043d\u043e\u0441\u0442\u044c \u0438 \u043e\u0449\u0443\u0449\u0435\u043d\u0438\u0435 \u0440\u043e\u0441\u043a\u043e\u0448\u0438 \u0432 \u043a\u0430\u0436\u0434\u043e\u0439 \u0434\u0435\u0442\u0430\u043b\u0438.<br \/>\nPerfecto para bodas, aniversarios, cumplea\u00f1os o cualquier ocasi\u00f3n especial, este ramo exclusivo es mucho m\u00e1s que flores: es un gesto de amor, un s\u00edmbolo de afecto y una manera de emocionar a quien lo recibe. Presentado en una envoltura refinada o caja de lujo, Alma de Peon\u00eda llega listo para sorprender y llenar de alegr\u00eda a esa persona especial.<br \/>\n\u0412 \u0437\u0430\u0432\u0438\u0441\u0438\u043c\u043e\u0441\u0442\u0438 \u043e\u0442 \u0441\u0435\u0437\u043e\u043d\u0430 \u043d\u0435\u043a\u043e\u0442\u043e\u0440\u044b\u0435 \u0446\u0432\u0435\u0442\u044b \u043c\u043e\u0433\u0443\u0442 \u043e\u0442\u0441\u0443\u0442\u0441\u0442\u0432\u043e\u0432\u0430\u0442\u044c \u0432 \u043d\u0430\u043b\u0438\u0447\u0438\u0438.<\/p>","protected":false},"excerpt":{"rendered":"<p>Alma de Peon\u00eda \u2013 un ramo que despierta emociones y cautiva los sentidos. Cada peon\u00eda fresca ha sido cuidadosamente seleccionada para ofrecer m\u00e1xima frescura, belleza y durabilidad, formando un arreglo floral elegante y sofisticado que transmite romanticismo, ternura y lujo en cada detalle. Perfecto para bodas, aniversarios, cumplea\u00f1os o cualquier ocasi\u00f3n especial, este ramo exclusivo [&hellip;]<\/p>","protected":false},"featured_media":553,"comment_status":"open","ping_status":"closed","template":"","meta":[],"product_brand":[],"product_cat":[31,25,22],"product_tag":[],"class_list":{"0":"post-360","1":"product","2":"type-product","3":"status-publish","4":"has-post-thumbnail","6":"product_cat-peonias","7":"product_cat-ramos-de-autor","8":"product_cat-ramos-de-flor-unica","10":"first","11":"instock","12":"shipping-taxable","13":"purchasable","14":"product-type-simple"},"_links":{"self":[{"href":"https:\/\/nataliflorabcn.com\/ru\/wp-json\/wp\/v2\/product\/360","targetHints":{"allow":["GET"]}}],"collection":[{"href":"https:\/\/nataliflorabcn.com\/ru\/wp-json\/wp\/v2\/product"}],"about":[{"href":"https:\/\/nataliflorabcn.com\/ru\/wp-json\/wp\/v2\/types\/product"}],"replies":[{"embeddable":true,"href":"https:\/\/nataliflorabcn.com\/ru\/wp-json\/wp\/v2\/comments?post=360"}],"wp:featuredmedia":[{"embeddable":true,"href":"https:\/\/nataliflorabcn.com\/ru\/wp-json\/wp\/v2\/media\/553"}],"wp:attachment":[{"href":"https:\/\/nataliflorabcn.com\/ru\/wp-json\/wp\/v2\/media?parent=360"}],"wp:term":[{"taxonomy":"product_brand","embeddable":true,"href":"https:\/\/nataliflorabcn.com\/ru\/wp-json\/wp\/v2\/product_brand?post=360"},{"taxonomy":"product_cat","embeddable":true,"href":"https:\/\/nataliflorabcn.com\/ru\/wp-json\/wp\/v2\/product_cat?post=360"},{"taxonomy":"product_tag","embeddable":true,"href":"https:\/\/nataliflorabcn.com\/ru\/wp-json\/wp\/v2\/product_tag?post=360"}],"curies":[{"name":"wp","href":"https:\/\/api.w.org\/{rel}","templated":true}]}}