{"id":354,"date":"2026-04-04T23:39:52","date_gmt":"2026-04-04T20:39:52","guid":{"rendered":"https:\/\/nataliflorabcn.com\/product\/ramo-de-orquideas-wanda-y-tulipanes\/"},"modified":"2026-04-04T23:54:10","modified_gmt":"2026-04-04T20:54:10","slug":"ramo-de-orquideas-wanda-y-tulipanes","status":"publish","type":"product","link":"https:\/\/nataliflorabcn.com\/ru\/product\/ramo-de-orquideas-wanda-y-tulipanes\/","title":{"rendered":"Ramo de orqu\u00eddeas Wanda y tulipanes"},"content":{"rendered":"<p>Ramo de orqu\u00eddeas: orqu\u00eddeas Wanda y tulipanes<\/p>","protected":false},"excerpt":{"rendered":"<p>Ramo de orqu\u00eddeas: orqu\u00eddeas Wanda y tulipanes<\/p>","protected":false},"featured_media":550,"comment_status":"open","ping_status":"closed","template":"","meta":[],"product_brand":[],"product_cat":[25,33],"product_tag":[],"class_list":{"0":"post-354","1":"product","2":"type-product","3":"status-publish","4":"has-post-thumbnail","6":"product_cat-ramos-de-autor","7":"product_cat-tulipanes","9":"first","10":"instock","11":"shipping-taxable","12":"purchasable","13":"product-type-simple"},"_links":{"self":[{"href":"https:\/\/nataliflorabcn.com\/ru\/wp-json\/wp\/v2\/product\/354","targetHints":{"allow":["GET"]}}],"collection":[{"href":"https:\/\/nataliflorabcn.com\/ru\/wp-json\/wp\/v2\/product"}],"about":[{"href":"https:\/\/nataliflorabcn.com\/ru\/wp-json\/wp\/v2\/types\/product"}],"replies":[{"embeddable":true,"href":"https:\/\/nataliflorabcn.com\/ru\/wp-json\/wp\/v2\/comments?post=354"}],"wp:featuredmedia":[{"embeddable":true,"href":"https:\/\/nataliflorabcn.com\/ru\/wp-json\/wp\/v2\/media\/550"}],"wp:attachment":[{"href":"https:\/\/nataliflorabcn.com\/ru\/wp-json\/wp\/v2\/media?parent=354"}],"wp:term":[{"taxonomy":"product_brand","embeddable":true,"href":"https:\/\/nataliflorabcn.com\/ru\/wp-json\/wp\/v2\/product_brand?post=354"},{"taxonomy":"product_cat","embeddable":true,"href":"https:\/\/nataliflorabcn.com\/ru\/wp-json\/wp\/v2\/product_cat?post=354"},{"taxonomy":"product_tag","embeddable":true,"href":"https:\/\/nataliflorabcn.com\/ru\/wp-json\/wp\/v2\/product_tag?post=354"}],"curies":[{"name":"wp","href":"https:\/\/api.w.org\/{rel}","templated":true}]}}