{"id":336,"date":"2026-04-04T23:39:38","date_gmt":"2026-04-04T20:39:38","guid":{"rendered":"https:\/\/nataliflorabcn.com\/product\/inspiracion-100-ramo-de-flores-delicadas\/"},"modified":"2026-04-04T23:53:54","modified_gmt":"2026-04-04T20:53:54","slug":"inspiracion-100-ramo-de-flores-delicadas","status":"publish","type":"product","link":"https:\/\/nataliflorabcn.com\/ru\/product\/inspiracion-100-ramo-de-flores-delicadas\/","title":{"rendered":"\u00ab\u0412\u0434\u043e\u0445\u043d\u043e\u0432\u0435\u043d\u0438\u0435 100\u00bb \u2014 \u043d\u0435\u0436\u043d\u044b\u0439 \u0431\u0443\u043a\u0435\u0442 \u0446\u0432\u0435\u0442\u043e\u0432"},"content":{"rendered":"<p>\u00ab\u0412\u0434\u043e\u0445\u043d\u043e\u0432\u0435\u043d\u0438\u0435 100\u00bb \u2014 \u0431\u0443\u043a\u0435\u0442 \u043d\u0435\u0436\u043d\u044b\u0445 \u0446\u0432\u0435\u0442\u043e\u0432: \u043f\u0438\u043e\u043d\u043e\u0432\u0438\u0434\u043d\u044b\u0435 \u0440\u043e\u0437\u044b, \u0444\u0440\u0435\u0437\u0438\u0438, \u043b\u044c\u0432\u0438\u043d\u044b\u0439 \u0437\u0435\u0432, \u044d\u0432\u043a\u0430\u043b\u0438\u043f\u0442, \u043a\u043b\u0435\u043c\u0430\u0442\u0438\u0441\u044b, \u0432\u0438\u0431\u0443\u0440\u043d\u0443\u043c, \u0441\u043a\u0430\u0431\u0438\u043e\u0437\u0430, \u0434\u0435\u043b\u044c\u0444\u0438\u043d\u0438\u0443\u043c, \u0430\u043c\u043c\u0438.<br \/>\n\u0412 \u0437\u0430\u0432\u0438\u0441\u0438\u043c\u043e\u0441\u0442\u0438 \u043e\u0442 \u0441\u0435\u0437\u043e\u043d\u0430 \u043d\u0435\u043a\u043e\u0442\u043e\u0440\u044b\u0435 \u0446\u0432\u0435\u0442\u044b \u043c\u043e\u0433\u0443\u0442 \u0431\u044b\u0442\u044c \u043d\u0435\u0434\u043e\u0441\u0442\u0443\u043f\u043d\u044b \u2014 \u0432 \u044d\u0442\u043e\u043c \u0441\u043b\u0443\u0447\u0430\u0435 \u043c\u044b \u0437\u0430\u043c\u0435\u043d\u0438\u043c \u0438\u0445 \u043d\u0430 \u0430\u043d\u0430\u043b\u043e\u0433\u0438\u0447\u043d\u044b\u0435.<\/p>","protected":false},"excerpt":{"rendered":"<p>Inspiraci\u00f3n 100 ramo de flores delicadas: Rosa tipo peon\u00eda, fresia, boca de drag\u00f3n, eucalipto, clem\u00e1tide, viburno, escabiosa, delfinio, ammi. *Dependiendo de la temporada, algunas flores pueden no estar disponibles en nuestra tienda y podr\u00edan ser reemplazadas por otras.<\/p>","protected":false},"featured_media":541,"comment_status":"open","ping_status":"closed","template":"","meta":[],"product_brand":[],"product_cat":[25],"product_tag":[],"class_list":{"0":"post-336","1":"product","2":"type-product","3":"status-publish","4":"has-post-thumbnail","6":"product_cat-ramos-de-autor","8":"first","9":"instock","10":"shipping-taxable","11":"purchasable","12":"product-type-simple"},"_links":{"self":[{"href":"https:\/\/nataliflorabcn.com\/ru\/wp-json\/wp\/v2\/product\/336","targetHints":{"allow":["GET"]}}],"collection":[{"href":"https:\/\/nataliflorabcn.com\/ru\/wp-json\/wp\/v2\/product"}],"about":[{"href":"https:\/\/nataliflorabcn.com\/ru\/wp-json\/wp\/v2\/types\/product"}],"replies":[{"embeddable":true,"href":"https:\/\/nataliflorabcn.com\/ru\/wp-json\/wp\/v2\/comments?post=336"}],"wp:featuredmedia":[{"embeddable":true,"href":"https:\/\/nataliflorabcn.com\/ru\/wp-json\/wp\/v2\/media\/541"}],"wp:attachment":[{"href":"https:\/\/nataliflorabcn.com\/ru\/wp-json\/wp\/v2\/media?parent=336"}],"wp:term":[{"taxonomy":"product_brand","embeddable":true,"href":"https:\/\/nataliflorabcn.com\/ru\/wp-json\/wp\/v2\/product_brand?post=336"},{"taxonomy":"product_cat","embeddable":true,"href":"https:\/\/nataliflorabcn.com\/ru\/wp-json\/wp\/v2\/product_cat?post=336"},{"taxonomy":"product_tag","embeddable":true,"href":"https:\/\/nataliflorabcn.com\/ru\/wp-json\/wp\/v2\/product_tag?post=336"}],"curies":[{"name":"wp","href":"https:\/\/api.w.org\/{rel}","templated":true}]}}