{"id":320,"date":"2026-04-04T23:39:26","date_gmt":"2026-04-04T20:39:26","guid":{"rendered":"https:\/\/nataliflorabcn.com\/product\/flor-infinita\/"},"modified":"2026-04-04T23:53:40","modified_gmt":"2026-04-04T20:53:40","slug":"flor-infinita","status":"publish","type":"product","link":"https:\/\/nataliflorabcn.com\/ru\/product\/flor-infinita\/","title":{"rendered":"\u0412\u0435\u0447\u043d\u044b\u0439 \u0446\u0432\u0435\u0442\u043e\u043a"},"content":{"rendered":"<p>\u041e\u0442\u043a\u0440\u043e\u0439\u0442\u0435 \u0434\u043b\u044f \u0441\u0435\u0431\u044f \u00abFlor Infinita\u00bb \u2014 \u0438\u0437\u044b\u0441\u043a\u0430\u043d\u043d\u044b\u0439 \u0431\u0443\u043a\u0435\u0442 \u0441\u0432\u0435\u0436\u0438\u0445 \u043f\u0438\u043e\u043d\u043e\u0432, \u0432 \u043a\u043e\u0442\u043e\u0440\u043e\u043c \u0441\u043e\u0447\u0435\u0442\u0430\u044e\u0442\u0441\u044f \u044d\u043b\u0435\u0433\u0430\u043d\u0442\u043d\u043e\u0441\u0442\u044c, \u0440\u043e\u043c\u0430\u043d\u0442\u0438\u043a\u0430 \u0438 \u0443\u0442\u043e\u043d\u0447\u0451\u043d\u043d\u043e\u0441\u0442\u044c \u0432 \u043a\u0430\u0436\u0434\u043e\u0439 \u0434\u0435\u0442\u0430\u043b\u0438. \u041a\u0430\u0436\u0434\u044b\u0439 \u043f\u0438\u043e\u043d \u0442\u0449\u0430\u0442\u0435\u043b\u044c\u043d\u043e \u043e\u0442\u043e\u0431\u0440\u0430\u043d, \u0447\u0442\u043e\u0431\u044b \u0441\u043e\u0445\u0440\u0430\u043d\u0438\u0442\u044c \u0441\u0432\u0435\u0436\u0435\u0441\u0442\u044c, \u043a\u0440\u0430\u0441\u043e\u0442\u0443 \u0438 \u0441\u0442\u043e\u0439\u043a\u043e\u0441\u0442\u044c, \u0441\u043e\u0437\u0434\u0430\u0432\u0430\u044f \u043a\u043e\u043c\u043f\u043e\u0437\u0438\u0446\u0438\u044e, \u043d\u0430\u043f\u043e\u043b\u043d\u0435\u043d\u043d\u0443\u044e \u043b\u044e\u0431\u043e\u0432\u044c\u044e, \u043d\u0435\u0436\u043d\u043e\u0441\u0442\u044c\u044e \u0438 \u043e\u0449\u0443\u0449\u0435\u043d\u0438\u0435\u043c \u0440\u043e\u0441\u043a\u043e\u0448\u0438.<br \/>\n\u042d\u0442\u043e\u0442 \u0431\u0443\u043a\u0435\u0442 \u0438\u0434\u0435\u0430\u043b\u044c\u043d\u043e \u043f\u043e\u0434\u043e\u0439\u0434\u0451\u0442 \u0434\u043b\u044f \u0441\u0432\u0430\u0434\u0435\u0431, \u0433\u043e\u0434\u043e\u0432\u0449\u0438\u043d, \u0434\u043d\u0435\u0439 \u0440\u043e\u0436\u0434\u0435\u043d\u0438\u044f \u0438 \u043b\u044e\u0431\u044b\u0445 \u043e\u0441\u043e\u0431\u044b\u0445 \u043c\u043e\u043c\u0435\u043d\u0442\u043e\u0432 \u2014 \u044d\u0442\u043e \u043f\u043e\u0434\u0430\u0440\u043e\u043a, \u043a\u043e\u0442\u043e\u0440\u044b\u0439 \u0442\u0440\u043e\u0433\u0430\u0435\u0442 \u0434\u043e \u0433\u043b\u0443\u0431\u0438\u043d\u044b \u0434\u0443\u0448\u0438 \u0438 \u043e\u0441\u0442\u0430\u0451\u0442\u0441\u044f \u0432 \u043f\u0430\u043c\u044f\u0442\u0438. \u00abFlor Infinita\u00bb \u2014 \u043d\u0435 \u043f\u0440\u043e\u0441\u0442\u043e \u0431\u0443\u043a\u0435\u0442 \u043f\u0438\u043e\u043d\u043e\u0432, \u0430 \u0441\u0438\u043c\u0432\u043e\u043b \u0433\u043b\u0443\u0431\u043e\u043a\u0438\u0445 \u0447\u0443\u0432\u0441\u0442\u0432 \u0438 \u0437\u043d\u0430\u043a \u0432\u043d\u0438\u043c\u0430\u043d\u0438\u044f, \u0433\u043e\u0432\u043e\u0440\u044f\u0449\u0438\u0439 \u043e \u0437\u0430\u0431\u043e\u0442\u0435 \u0438 \u0432\u043a\u0443\u0441\u0435.<br \/>\n\u0412 \u0437\u0430\u0432\u0438\u0441\u0438\u043c\u043e\u0441\u0442\u0438 \u043e\u0442 \u0441\u0435\u0437\u043e\u043d\u0430 \u043d\u0435\u043a\u043e\u0442\u043e\u0440\u044b\u0435 \u0446\u0432\u0435\u0442\u044b \u043c\u043e\u0433\u0443\u0442 \u0431\u044b\u0442\u044c \u043d\u0435\u0434\u043e\u0441\u0442\u0443\u043f\u043d\u044b \u0432 \u043d\u0430\u0448\u0435\u0439 \u0441\u0442\u0443\u0434\u0438\u0438.<\/p>","protected":false},"excerpt":{"rendered":"<p>Descubre Flor Infinita, un exquisito ramo de peon\u00edas frescas que combina elegancia, romanticismo y sofisticaci\u00f3n en cada detalle. Cada peon\u00eda ha sido cuidadosamente seleccionada para garantizar frescura, belleza y durabilidad, creando un arreglo floral que transmite amor, ternura y lujo. Este ramo es perfecto para bodas, aniversarios, cumplea\u00f1os o cualquier momento especial, convirti\u00e9ndose en un [&hellip;]<\/p>\n","protected":false},"featured_media":533,"comment_status":"open","ping_status":"closed","template":"","meta":[],"product_brand":[],"product_cat":[31,25,24],"product_tag":[],"class_list":{"0":"post-320","1":"product","2":"type-product","3":"status-publish","4":"has-post-thumbnail","6":"product_cat-peonias","7":"product_cat-ramos-de-autor","8":"product_cat-san-valentin","10":"first","11":"instock","12":"shipping-taxable","13":"purchasable","14":"product-type-simple"},"_links":{"self":[{"href":"https:\/\/nataliflorabcn.com\/ru\/wp-json\/wp\/v2\/product\/320","targetHints":{"allow":["GET"]}}],"collection":[{"href":"https:\/\/nataliflorabcn.com\/ru\/wp-json\/wp\/v2\/product"}],"about":[{"href":"https:\/\/nataliflorabcn.com\/ru\/wp-json\/wp\/v2\/types\/product"}],"replies":[{"embeddable":true,"href":"https:\/\/nataliflorabcn.com\/ru\/wp-json\/wp\/v2\/comments?post=320"}],"wp:featuredmedia":[{"embeddable":true,"href":"https:\/\/nataliflorabcn.com\/ru\/wp-json\/wp\/v2\/media\/533"}],"wp:attachment":[{"href":"https:\/\/nataliflorabcn.com\/ru\/wp-json\/wp\/v2\/media?parent=320"}],"wp:term":[{"taxonomy":"product_brand","embeddable":true,"href":"https:\/\/nataliflorabcn.com\/ru\/wp-json\/wp\/v2\/product_brand?post=320"},{"taxonomy":"product_cat","embeddable":true,"href":"https:\/\/nataliflorabcn.com\/ru\/wp-json\/wp\/v2\/product_cat?post=320"},{"taxonomy":"product_tag","embeddable":true,"href":"https:\/\/nataliflorabcn.com\/ru\/wp-json\/wp\/v2\/product_tag?post=320"}],"curies":[{"name":"wp","href":"https:\/\/api.w.org\/{rel}","templated":true}]}}