{"id":282,"date":"2026-04-04T23:38:37","date_gmt":"2026-04-04T20:38:37","guid":{"rendered":"https:\/\/nataliflorabcn.com\/product\/ramo-de-rosas-delicadeza-exquisita\/"},"modified":"2026-04-04T23:52:46","modified_gmt":"2026-04-04T20:52:46","slug":"ramo-de-rosas-delicadeza-exquisita","status":"publish","type":"product","link":"https:\/\/nataliflorabcn.com\/ru\/product\/ramo-de-rosas-delicadeza-exquisita\/","title":{"rendered":"Ramo de rosas &#171;Delicadeza Exquisita&#187;"},"content":{"rendered":"<p>El ramo de rosas \u00abDelicadeza Exquisita\u00bb es una opci\u00f3n elegante y rom\u00e1ntica para sorprender en ocasiones especiales. Si deseas comprar un ramo de rosas, esta composici\u00f3n floral es perfecta. El precio incluye rosas frescas de alta calidad, presentaci\u00f3n elegante y env\u00edo r\u00e1pido para que tu regalo llegue en perfectas condiciones.<\/p>","protected":false},"excerpt":{"rendered":"<p>El ramo de rosas \u00abDelicadeza Exquisita\u00bb es una opci\u00f3n elegante y rom\u00e1ntica para sorprender en ocasiones especiales. Si deseas comprar un ramo de rosas, esta composici\u00f3n floral es perfecta. El precio incluye rosas frescas de alta calidad, presentaci\u00f3n elegante y env\u00edo r\u00e1pido para que tu regalo llegue en perfectas condiciones.<\/p>","protected":false},"featured_media":514,"comment_status":"open","ping_status":"closed","template":"","meta":[],"product_brand":[],"product_cat":[25,22,32,24],"product_tag":[],"class_list":{"0":"post-282","1":"product","2":"type-product","3":"status-publish","4":"has-post-thumbnail","6":"product_cat-ramos-de-autor","7":"product_cat-ramos-de-flor-unica","8":"product_cat-rosas","9":"product_cat-san-valentin","11":"first","12":"instock","13":"shipping-taxable","14":"purchasable","15":"product-type-simple"},"_links":{"self":[{"href":"https:\/\/nataliflorabcn.com\/ru\/wp-json\/wp\/v2\/product\/282","targetHints":{"allow":["GET"]}}],"collection":[{"href":"https:\/\/nataliflorabcn.com\/ru\/wp-json\/wp\/v2\/product"}],"about":[{"href":"https:\/\/nataliflorabcn.com\/ru\/wp-json\/wp\/v2\/types\/product"}],"replies":[{"embeddable":true,"href":"https:\/\/nataliflorabcn.com\/ru\/wp-json\/wp\/v2\/comments?post=282"}],"wp:featuredmedia":[{"embeddable":true,"href":"https:\/\/nataliflorabcn.com\/ru\/wp-json\/wp\/v2\/media\/514"}],"wp:attachment":[{"href":"https:\/\/nataliflorabcn.com\/ru\/wp-json\/wp\/v2\/media?parent=282"}],"wp:term":[{"taxonomy":"product_brand","embeddable":true,"href":"https:\/\/nataliflorabcn.com\/ru\/wp-json\/wp\/v2\/product_brand?post=282"},{"taxonomy":"product_cat","embeddable":true,"href":"https:\/\/nataliflorabcn.com\/ru\/wp-json\/wp\/v2\/product_cat?post=282"},{"taxonomy":"product_tag","embeddable":true,"href":"https:\/\/nataliflorabcn.com\/ru\/wp-json\/wp\/v2\/product_tag?post=282"}],"curies":[{"name":"wp","href":"https:\/\/api.w.org\/{rel}","templated":true}]}}