{"id":54,"date":"2026-03-27T17:58:11","date_gmt":"2026-03-27T14:58:11","guid":{"rendered":"https:\/\/nataliflorabcn.com\/?page_id=54"},"modified":"2026-03-27T17:59:03","modified_gmt":"2026-03-27T14:59:03","slug":"politica-de-cookies","status":"publish","type":"page","link":"https:\/\/nataliflorabcn.com\/ru\/politica-de-cookies\/","title":{"rendered":"\u041f\u043e\u043b\u0438\u0442\u0438\u043a\u0430 \u0438\u0441\u043f\u043e\u043b\u044c\u0437\u043e\u0432\u0430\u043d\u0438\u044f cookies"},"content":{"rendered":"<div data-elementor-type=\"wp-page\" data-elementor-id=\"54\" class=\"elementor elementor-54\" data-elementor-post-type=\"page\">\n\t\t\t\t<div class=\"elementor-element elementor-element-f17c075 e-flex e-con-boxed e-con e-parent\" data-id=\"f17c075\" data-element_type=\"container\" data-e-type=\"container\">\n\t\t\t\t\t<div class=\"e-con-inner\">\n\t\t\t\t<div class=\"elementor-element elementor-element-45e19ab elementor-widget elementor-widget-text-editor\" data-id=\"45e19ab\" data-element_type=\"widget\" data-e-type=\"widget\" data-widget_type=\"text-editor.default\">\n\t\t\t\t\t\t\t\t\t<p>\u041f\u043e\u043b\u0438\u0442\u0438\u043a\u0430 \u0438\u0441\u043f\u043e\u043b\u044c\u0437\u043e\u0432\u0430\u043d\u0438\u044f cookies<\/p>\t\t\t\t\t\t\t\t<\/div>\n\t\t\t\t<div class=\"elementor-element elementor-element-af54ee3 elementor-widget elementor-widget-text-editor\" data-id=\"af54ee3\" data-element_type=\"widget\" data-e-type=\"widget\" data-widget_type=\"text-editor.default\">\n\t\t\t\t\t\t\t\t\t<p>\u042d\u0442\u0430 \u041f\u043e\u043b\u0438\u0442\u0438\u043a\u0430 cookies \u043e\u0431\u044a\u044f\u0441\u043d\u044f\u0435\u0442, \u043a\u0430\u043a Nataliflorabcn.com \u0438\u0441\u043f\u043e\u043b\u044c\u0437\u0443\u0435\u0442 cookies \u0438 \u043f\u043e\u0445\u043e\u0436\u0438\u0435 \u0442\u0435\u0445\u043d\u043e\u043b\u043e\u0433\u0438\u0438 \u043d\u0430 \u043d\u0430\u0448\u0435\u043c \u0441\u0430\u0439\u0442\u0435 https:\/\/nataliflorabcn.com\n \u0432 \u0441\u043e\u043e\u0442\u0432\u0435\u0442\u0441\u0442\u0432\u0438\u0438 \u0441 GDPR \u0438 \u0434\u0435\u0439\u0441\u0442\u0432\u0443\u044e\u0449\u0438\u043c\u0438 \u043d\u043e\u0440\u043c\u0430\u043c\u0438. \u041f\u043e\u043b\u044c\u0437\u0443\u044f\u0441\u044c \u043d\u0430\u0448\u0438\u043c \u0441\u0430\u0439\u0442\u043e\u043c, \u0432\u044b \u0441\u043e\u0433\u043b\u0430\u0448\u0430\u0435\u0442\u0435\u0441\u044c \u0441 \u0438\u0441\u043f\u043e\u043b\u044c\u0437\u043e\u0432\u0430\u043d\u0438\u0435\u043c cookies, \u043a\u0430\u043a \u043e\u043f\u0438\u0441\u0430\u043d\u043e \u0432 \u044d\u0442\u043e\u0439 \u043f\u043e\u043b\u0438\u0442\u0438\u043a\u0435.<br \/><br \/><\/p><ol><li>\u0427\u0442\u043e \u0442\u0430\u043a\u043e\u0435 cookies?<br \/><br \/><\/li><\/ol><p>\u042d\u0442\u043e \u043d\u0435\u0431\u043e\u043b\u044c\u0448\u0438\u0435 \u0442\u0435\u043a\u0441\u0442\u043e\u0432\u044b\u0435 \u0444\u0430\u0439\u043b\u044b, \u043a\u043e\u0442\u043e\u0440\u044b\u0435 \u0441\u0430\u0439\u0442\u044b \u0441\u043e\u0445\u0440\u0430\u043d\u044f\u044e\u0442 \u043d\u0430 \u0432\u0430\u0448\u0435\u043c \u0443\u0441\u0442\u0440\u043e\u0439\u0441\u0442\u0432\u0435. Cookies \u043c\u043e\u0433\u0443\u0442 \u0431\u044b\u0442\u044c \u0441\u0435\u0430\u043d\u0441\u043e\u0432\u044b\u043c\u0438 (\u0443\u0434\u0430\u043b\u044f\u044e\u0442\u0441\u044f \u043f\u043e\u0441\u043b\u0435 \u0437\u0430\u043a\u0440\u044b\u0442\u0438\u044f \u0431\u0440\u0430\u0443\u0437\u0435\u0440\u0430) \u0438\u043b\u0438 \u043f\u043e\u0441\u0442\u043e\u044f\u043d\u043d\u044b\u043c\u0438 (\u0445\u0440\u0430\u043d\u044f\u0442\u0441\u044f \u0434\u043e \u0438\u0441\u0442\u0435\u0447\u0435\u043d\u0438\u044f \u0441\u0440\u043e\u043a\u0430 \u0434\u0435\u0439\u0441\u0442\u0432\u0438\u044f \u0438\u043b\u0438 \u043f\u043e\u043a\u0430 \u0432\u044b \u0438\u0445 \u043d\u0435 \u0443\u0434\u0430\u043b\u0438\u0442\u0435).<br \/><br \/><\/p><ol start=\"2\"><li>\u041a\u0430\u043a \u043c\u044b \u0438\u0441\u043f\u043e\u043b\u044c\u0437\u0443\u0435\u043c cookies<br \/><br \/><\/li><\/ol><ul><li>\u041e\u0431\u044f\u0437\u0430\u0442\u0435\u043b\u044c\u043d\u044b\u0435 cookies: \u043d\u0435\u043e\u0431\u0445\u043e\u0434\u0438\u043c\u044b \u0434\u043b\u044f \u0440\u0430\u0431\u043e\u0442\u044b \u0441\u0430\u0439\u0442\u0430 (\u043d\u0430\u043f\u0440\u0438\u043c\u0435\u0440, \u043a\u043e\u0440\u0437\u0438\u043d\u0430 \u0438 \u043e\u0444\u043e\u0440\u043c\u043b\u0435\u043d\u0438\u0435 \u0437\u0430\u043a\u0430\u0437\u0430).<\/li><li>Cookies de rendimiento y an\u00e1lisis: nos ayudan a entender c\u00f3mo interact\u00faan los usuarios (ej. Google Analytics).<\/li><li>\u0424\u0443\u043d\u043a\u0446\u0438\u043e\u043d\u0430\u043b\u044c\u043d\u044b\u0435 cookies: \u0437\u0430\u043f\u043e\u043c\u0438\u043d\u0430\u044e\u0442 \u0432\u0430\u0448\u0438 \u043d\u0430\u0441\u0442\u0440\u043e\u0439\u043a\u0438 \u0438 \u043f\u0440\u0435\u0434\u043f\u043e\u0447\u0442\u0435\u043d\u0438\u044f.<\/li><li>\u041c\u0430\u0440\u043a\u0435\u0442\u0438\u043d\u0433\u043e\u0432\u044b\u0435\/\u0440\u0435\u043a\u043b\u0430\u043c\u043d\u044b\u0435 cookies: \u043f\u043e\u043c\u043e\u0433\u0430\u044e\u0442 \u043f\u043e\u043a\u0430\u0437\u044b\u0432\u0430\u0442\u044c \u0432\u0430\u043c \u0431\u043e\u043b\u0435\u0435 \u0440\u0435\u043b\u0435\u0432\u0430\u043d\u0442\u043d\u0443\u044e \u0440\u0435\u043a\u043b\u0430\u043c\u0443.<br \/><br \/><\/li><\/ul><ol start=\"3\"><li>\u0421\u0442\u043e\u0440\u043e\u043d\u043d\u0438\u0435 cookies<br \/><br \/><\/li><\/ol><p>\u041d\u0435\u043a\u043e\u0442\u043e\u0440\u044b\u0435 \u0441\u0442\u043e\u0440\u043e\u043d\u043d\u0438\u0435 \u0441\u0435\u0440\u0432\u0438\u0441\u044b (\u043d\u0430\u043f\u0440\u0438\u043c\u0435\u0440, \u043f\u043b\u0430\u0442\u0451\u0436\u043d\u044b\u0435 \u0441\u0438\u0441\u0442\u0435\u043c\u044b \u0438 \u0430\u043d\u0430\u043b\u0438\u0442\u0438\u0447\u0435\u0441\u043a\u0438\u0435 \u0441\u0435\u0440\u0432\u0438\u0441\u044b) \u0442\u0430\u043a\u0436\u0435 \u043c\u043e\u0433\u0443\u0442 \u0443\u0441\u0442\u0430\u043d\u0430\u0432\u043b\u0438\u0432\u0430\u0442\u044c cookies.<br \/><br \/><\/p><ol start=\"4\"><li>\u0421\u043e\u0433\u043b\u0430\u0441\u0438\u0435 \u0438 \u0443\u043f\u0440\u0430\u0432\u043b\u0435\u043d\u0438\u0435<br \/><br \/><\/li><\/ol><p>\u041f\u0440\u0438 \u043f\u0435\u0440\u0432\u043e\u043c \u043f\u043e\u0441\u0435\u0449\u0435\u043d\u0438\u0438 \u0441\u0430\u0439\u0442\u0430 \u0432\u044b \u0443\u0432\u0438\u0434\u0438\u0442\u0435 \u0431\u0430\u043d\u043d\u0435\u0440 cookies, \u0433\u0434\u0435 \u043c\u043e\u0436\u043d\u043e \u043f\u0440\u0438\u043d\u044f\u0442\u044c, \u043e\u0442\u043a\u043b\u043e\u043d\u0438\u0442\u044c \u0438\u043b\u0438 \u043d\u0430\u0441\u0442\u0440\u043e\u0438\u0442\u044c \u0438\u0445 \u0438\u0441\u043f\u043e\u043b\u044c\u0437\u043e\u0432\u0430\u043d\u0438\u0435. \u0412\u044b \u043c\u043e\u0436\u0435\u0442\u0435 \u0438\u0437\u043c\u0435\u043d\u0438\u0442\u044c \u0441\u0432\u043e\u0438 \u043f\u0440\u0435\u0434\u043f\u043e\u0447\u0442\u0435\u043d\u0438\u044f \u0432 \u043b\u044e\u0431\u043e\u0435 \u0432\u0440\u0435\u043c\u044f \u0447\u0435\u0440\u0435\u0437 \u043d\u0430\u0441\u0442\u0440\u043e\u0439\u043a\u0438 \u0431\u0440\u0430\u0443\u0437\u0435\u0440\u0430.<br \/><br \/><\/p><ol start=\"5\"><li>\u0423\u043f\u0440\u0430\u0432\u043b\u0435\u043d\u0438\u0435 cookies<br \/><br \/><\/li><\/ol><p>\u0412\u044b \u043c\u043e\u0436\u0435\u0442\u0435 \u0443\u043f\u0440\u0430\u0432\u043b\u044f\u0442\u044c \u0438\u043b\u0438 \u0443\u0434\u0430\u043b\u044f\u0442\u044c cookies \u0447\u0435\u0440\u0435\u0437 \u043d\u0430\u0441\u0442\u0440\u043e\u0439\u043a\u0438 \u0431\u0440\u0430\u0443\u0437\u0435\u0440\u0430. \u041e\u0431\u0440\u0430\u0442\u0438\u0442\u0435 \u0432\u043d\u0438\u043c\u0430\u043d\u0438\u0435, \u0447\u0442\u043e \u043e\u0442\u043a\u043b\u044e\u0447\u0435\u043d\u0438\u0435 \u043e\u0431\u044f\u0437\u0430\u0442\u0435\u043b\u044c\u043d\u044b\u0445 cookies \u043c\u043e\u0436\u0435\u0442 \u043f\u043e\u0432\u043b\u0438\u044f\u0442\u044c \u043d\u0430 \u0440\u0430\u0431\u043e\u0442\u0443 \u0441\u0430\u0439\u0442\u0430.<br \/><br \/><\/p><ol start=\"6\"><li>\u0412\u0430\u0448\u0438 \u043f\u0440\u0430\u0432\u0430<br \/><br \/><\/li><\/ol><p>\u0412\u044b \u0438\u043c\u0435\u0435\u0442\u0435 \u043f\u0440\u0430\u0432\u043e \u043f\u043e\u043b\u0443\u0447\u0430\u0442\u044c \u0438\u043d\u0444\u043e\u0440\u043c\u0430\u0446\u0438\u044e \u043e\u0431 \u0438\u0441\u043f\u043e\u043b\u044c\u0437\u043e\u0432\u0430\u043d\u0438\u0438 cookies, \u043e\u0442\u043e\u0437\u0432\u0430\u0442\u044c \u0441\u0432\u043e\u0451 \u0441\u043e\u0433\u043b\u0430\u0441\u0438\u0435 \u0438 \u043f\u0440\u0438 \u043d\u0435\u043e\u0431\u0445\u043e\u0434\u0438\u043c\u043e\u0441\u0442\u0438 \u0437\u0430\u043f\u0440\u043e\u0441\u0438\u0442\u044c \u0443\u0434\u0430\u043b\u0435\u043d\u0438\u0435 \u0441\u043e\u0431\u0440\u0430\u043d\u043d\u044b\u0445 \u0434\u0430\u043d\u043d\u044b\u0445.<br \/><br \/><\/p><ol start=\"7\"><li>\u0418\u0437\u043c\u0435\u043d\u0435\u043d\u0438\u044f \u0432 \u043f\u043e\u043b\u0438\u0442\u0438\u043a\u0435<br \/><br \/><\/li><\/ol><p>\u041c\u044b \u043c\u043e\u0436\u0435\u043c \u0432\u0440\u0435\u043c\u044f \u043e\u0442 \u0432\u0440\u0435\u043c\u0435\u043d\u0438 \u043e\u0431\u043d\u043e\u0432\u043b\u044f\u0442\u044c \u044d\u0442\u0443 \u043f\u043e\u043b\u0438\u0442\u0438\u043a\u0443. \u0412\u0441\u0435 \u0438\u0437\u043c\u0435\u043d\u0435\u043d\u0438\u044f \u0431\u0443\u0434\u0443\u0442 \u043f\u0443\u0431\u043b\u0438\u043a\u043e\u0432\u0430\u0442\u044c\u0441\u044f \u043d\u0430 \u044d\u0442\u043e\u0439 \u0441\u0442\u0440\u0430\u043d\u0438\u0446\u0435.<br \/><br \/><\/p><p>\u041a\u043e\u043d\u0442\u0430\u043a\u0442: nataliflorabcn@gmail.com<\/p>\t\t\t\t\t\t\t\t<\/div>\n\t\t\t\t\t<\/div>\n\t\t\t\t<\/div>\n\t\t\t\t<\/div>","protected":false},"excerpt":{"rendered":"<p>POL\u00cdTICA DE COOKIES Esta Pol\u00edtica de Cookies explica c\u00f3mo Nataliflorabcn.com utiliza cookies y tecnolog\u00edas similares en nuestro sitio web https:\/\/nataliflorabcn.com conforme al RGPD y la normativa aplicable. Al utilizar nuestro sitio web, usted acepta el uso de cookies como se describe en esta pol\u00edtica. \u00bfQu\u00e9 son las Cookies? Son peque\u00f1os archivos de texto colocados en [&hellip;]<\/p>\n","protected":false},"author":1,"featured_media":0,"parent":0,"menu_order":0,"comment_status":"closed","ping_status":"closed","template":"","meta":{"footnotes":""},"class_list":["post-54","page","type-page","status-publish","hentry"],"_links":{"self":[{"href":"https:\/\/nataliflorabcn.com\/ru\/wp-json\/wp\/v2\/pages\/54","targetHints":{"allow":["GET"]}}],"collection":[{"href":"https:\/\/nataliflorabcn.com\/ru\/wp-json\/wp\/v2\/pages"}],"about":[{"href":"https:\/\/nataliflorabcn.com\/ru\/wp-json\/wp\/v2\/types\/page"}],"author":[{"embeddable":true,"href":"https:\/\/nataliflorabcn.com\/ru\/wp-json\/wp\/v2\/users\/1"}],"replies":[{"embeddable":true,"href":"https:\/\/nataliflorabcn.com\/ru\/wp-json\/wp\/v2\/comments?post=54"}],"version-history":[{"count":4,"href":"https:\/\/nataliflorabcn.com\/ru\/wp-json\/wp\/v2\/pages\/54\/revisions"}],"predecessor-version":[{"id":58,"href":"https:\/\/nataliflorabcn.com\/ru\/wp-json\/wp\/v2\/pages\/54\/revisions\/58"}],"wp:attachment":[{"href":"https:\/\/nataliflorabcn.com\/ru\/wp-json\/wp\/v2\/media?parent=54"}],"curies":[{"name":"wp","href":"https:\/\/api.w.org\/{rel}","templated":true}]}}