{"id":49,"date":"2026-03-27T17:54:27","date_gmt":"2026-03-27T14:54:27","guid":{"rendered":"https:\/\/nataliflorabcn.com\/?page_id=49"},"modified":"2026-03-27T17:57:53","modified_gmt":"2026-03-27T14:57:53","slug":"politica-de-privacidad","status":"publish","type":"page","link":"https:\/\/nataliflorabcn.com\/ru\/politica-de-privacidad\/","title":{"rendered":"\u041f\u041e\u041b\u0418\u0422\u0418\u041a\u0410 \u041a\u041e\u041d\u0424\u0418\u0414\u0415\u041d\u0426\u0418\u0410\u041b\u042c\u041d\u041e\u0421\u0422\u0418"},"content":{"rendered":"<div data-elementor-type=\"wp-page\" data-elementor-id=\"49\" class=\"elementor elementor-49\" data-elementor-post-type=\"page\">\n\t\t\t\t<div class=\"elementor-element elementor-element-3248c8e e-flex e-con-boxed e-con e-parent\" data-id=\"3248c8e\" data-element_type=\"container\" data-e-type=\"container\">\n\t\t\t\t\t<div class=\"e-con-inner\">\n\t\t\t\t<div class=\"elementor-element elementor-element-69f70ed elementor-widget elementor-widget-text-editor\" data-id=\"69f70ed\" data-element_type=\"widget\" data-e-type=\"widget\" data-widget_type=\"text-editor.default\">\n\t\t\t\t\t\t\t\t\t<p>\u041f\u041e\u041b\u0418\u0422\u0418\u041a\u0410 \u041a\u041e\u041d\u0424\u0418\u0414\u0415\u041d\u0426\u0418\u0410\u041b\u042c\u041d\u041e\u0421\u0422\u0418<\/p>\t\t\t\t\t\t\t\t<\/div>\n\t\t\t\t<div class=\"elementor-element elementor-element-6525c48 elementor-widget elementor-widget-text-editor\" data-id=\"6525c48\" data-element_type=\"widget\" data-e-type=\"widget\" data-widget_type=\"text-editor.default\">\n\t\t\t\t\t\t\t\t\t<p>\u042d\u0442\u0430 \u041f\u043e\u043b\u0438\u0442\u0438\u043a\u0430 \u043a\u043e\u043d\u0444\u0438\u0434\u0435\u043d\u0446\u0438\u0430\u043b\u044c\u043d\u043e\u0441\u0442\u0438 \u0440\u0430\u0441\u0441\u043a\u0430\u0437\u044b\u0432\u0430\u0435\u0442, \u043a\u0430\u043a Nataliflorabcn.com \u0441\u043e\u0431\u0438\u0440\u0430\u0435\u0442, \u0438\u0441\u043f\u043e\u043b\u044c\u0437\u0443\u0435\u0442, \u0437\u0430\u0449\u0438\u0449\u0430\u0435\u0442 \u0438 \u043f\u0440\u0438 \u043d\u0435\u043e\u0431\u0445\u043e\u0434\u0438\u043c\u043e\u0441\u0442\u0438 \u0440\u0430\u0441\u043a\u0440\u044b\u0432\u0430\u0435\u0442 \u0432\u0430\u0448\u0438 \u0434\u0430\u043d\u043d\u044b\u0435, \u043a\u043e\u0433\u0434\u0430 \u0432\u044b \u043f\u043e\u0441\u0435\u0449\u0430\u0435\u0442\u0435 \u043d\u0430\u0448 \u0441\u0430\u0439\u0442 https:\/\/nataliflorabcn.com\n \u0438 \u043f\u043e\u043b\u044c\u0437\u0443\u0435\u0442\u0435\u0441\u044c \u043d\u0430\u0448\u0438\u043c\u0438 \u0443\u0441\u043b\u0443\u0433\u0430\u043c\u0438, \u0432\u043a\u043b\u044e\u0447\u0430\u044f \u0437\u0430\u043a\u0430\u0437 \u0438 \u0434\u043e\u0441\u0442\u0430\u0432\u043a\u0443 \u0446\u0432\u0435\u0442\u043e\u0432 \u0438 \u0441\u043e\u043f\u0443\u0442\u0441\u0442\u0432\u0443\u044e\u0449\u0438\u0445 \u0442\u043e\u0432\u0430\u0440\u043e\u0432. \u0418\u0441\u043f\u043e\u043b\u044c\u0437\u0443\u044f \u043d\u0430\u0448 \u0441\u0430\u0439\u0442 \u0438 \u0441\u0435\u0440\u0432\u0438\u0441\u044b, \u0432\u044b \u0441\u043e\u0433\u043b\u0430\u0448\u0430\u0435\u0442\u0435\u0441\u044c \u0441 \u0443\u0441\u043b\u043e\u0432\u0438\u044f\u043c\u0438 \u044d\u0442\u043e\u0439 \u041f\u043e\u043b\u0438\u0442\u0438\u043a\u0438 \u043a\u043e\u043d\u0444\u0438\u0434\u0435\u043d\u0446\u0438\u0430\u043b\u044c\u043d\u043e\u0441\u0442\u0438.<br \/><br \/><\/p><ol><li>\u041e\u0442\u0432\u0435\u0442\u0441\u0442\u0432\u0435\u043d\u043d\u044b\u0439 \u0437\u0430 \u043e\u0431\u0440\u0430\u0431\u043e\u0442\u043a\u0443 \u0434\u0430\u043d\u043d\u044b\u0445<br \/><br \/><\/li><\/ol><p>Nataliflorabcn.com \u043e\u0442\u0432\u0435\u0447\u0430\u0435\u0442 \u0437\u0430 \u043e\u0431\u0440\u0430\u0431\u043e\u0442\u043a\u0443 \u0432\u0430\u0448\u0438\u0445 \u043f\u0435\u0440\u0441\u043e\u043d\u0430\u043b\u044c\u043d\u044b\u0445 \u0434\u0430\u043d\u043d\u044b\u0445. \u0415\u0441\u043b\u0438 \u0443 \u0432\u0430\u0441 \u0435\u0441\u0442\u044c \u0432\u043e\u043f\u0440\u043e\u0441\u044b \u043e \u043a\u043e\u043d\u0444\u0438\u0434\u0435\u043d\u0446\u0438\u0430\u043b\u044c\u043d\u043e\u0441\u0442\u0438, \u0432\u044b \u043c\u043e\u0436\u0435\u0442\u0435 \u043d\u0430\u043f\u0438\u0441\u0430\u0442\u044c \u043d\u0430\u043c \u043d\u0430: nataliflorabcn@gmail.com<br \/><br \/><\/p><ol start=\"2\"><li>\u0421\u043e\u0431\u0438\u0440\u0430\u0435\u043c\u0430\u044f \u0438\u043d\u0444\u043e\u0440\u043c\u0430\u0446\u0438\u044f<br \/><br \/><\/li><\/ol><ul><li>\u041b\u0438\u0447\u043d\u044b\u0435 \u0434\u0430\u043d\u043d\u044b\u0435: \u0438\u043c\u044f, \u044d\u043b\u0435\u043a\u0442\u0440\u043e\u043d\u043d\u0430\u044f \u043f\u043e\u0447\u0442\u0430, \u0430\u0434\u0440\u0435\u0441 \u0434\u043b\u044f \u0432\u044b\u0441\u0442\u0430\u0432\u043b\u0435\u043d\u0438\u044f \u0441\u0447\u0435\u0442\u0430 \u0438 \u0434\u043e\u0441\u0442\u0430\u0432\u043a\u0438, \u0430 \u0442\u0430\u043a\u0436\u0435 \u0434\u0430\u043d\u043d\u044b\u0435 \u043e\u043f\u043b\u0430\u0442\u044b, \u043a\u043e\u0442\u043e\u0440\u044b\u0435 \u0432\u044b \u0443\u043a\u0430\u0437\u044b\u0432\u0430\u0435\u0442\u0435 \u043f\u0440\u0438 \u043f\u043e\u043a\u0443\u043f\u043a\u0435.<\/li><li>\u0414\u0430\u043d\u043d\u044b\u0435 \u043e \u0442\u0440\u0430\u043d\u0437\u0430\u043a\u0446\u0438\u044f\u0445: \u0438\u043d\u0444\u043e\u0440\u043c\u0430\u0446\u0438\u044f \u043e \u0437\u0430\u043a\u0430\u0437\u0430\u0445, \u0438\u0441\u0442\u043e\u0440\u0438\u044f \u043f\u043e\u043a\u0443\u043f\u043e\u043a \u0438 \u0437\u0430\u043f\u0438\u0441\u0438 \u043e\u0431 \u043e\u043f\u043b\u0430\u0442\u0435.<\/li><li>\u0422\u0435\u0445\u043d\u0438\u0447\u0435\u0441\u043a\u0438\u0435 \u0434\u0430\u043d\u043d\u044b\u0435: IP-\u0430\u0434\u0440\u0435\u0441, \u0442\u0438\u043f \u0431\u0440\u0430\u0443\u0437\u0435\u0440\u0430, \u0438\u043d\u0444\u043e\u0440\u043c\u0430\u0446\u0438\u044f \u043e\u0431 \u0443\u0441\u0442\u0440\u043e\u0439\u0441\u0442\u0432\u0435 \u0438 \u0444\u0430\u0439\u043b\u044b cookie.<\/li><li>\u041f\u0440\u043e\u0447\u0438\u0435 \u0434\u0430\u043d\u043d\u044b\u0435: \u043b\u044e\u0431\u0430\u044f \u0438\u043d\u0444\u043e\u0440\u043c\u0430\u0446\u0438\u044f, \u043a\u043e\u0442\u043e\u0440\u0443\u044e \u0432\u044b \u043f\u0440\u0435\u0434\u043e\u0441\u0442\u0430\u0432\u043b\u044f\u0435\u0442\u0435 \u043d\u0430\u043f\u0440\u044f\u043c\u0443\u044e \u0447\u0435\u0440\u0435\u0437 \u0444\u043e\u0440\u043c\u044b \u0438\u043b\u0438 \u043f\u0440\u0438 \u043e\u0431\u0449\u0435\u043d\u0438\u0438 \u0441 \u043d\u0430\u043c\u0438.<br \/><br \/><\/li><\/ul><ol start=\"3\"><li>\u0421\u043f\u043e\u0441\u043e\u0431\u044b \u0441\u0431\u043e\u0440\u0430 \u0434\u0430\u043d\u043d\u044b\u0445<br \/><br \/><\/li><\/ol><ul><li>\u041d\u0430\u043f\u0440\u044f\u043c\u0443\u044e \u043e\u0442 \u0432\u0430\u0441 \u2014 \u043f\u0440\u0438 \u043e\u043f\u043b\u0430\u0442\u0435, \u0441\u043e\u0437\u0434\u0430\u043d\u0438\u0438 \u0430\u043a\u043a\u0430\u0443\u043d\u0442\u0430 \u0438\u043b\u0438 \u043f\u0440\u0438 \u043e\u0431\u0449\u0435\u043d\u0438\u0438 \u0441 \u043d\u0430\u043c\u0438.<\/li><li>\u0410\u0432\u0442\u043e\u043c\u0430\u0442\u0438\u0447\u0435\u0441\u043a\u0438 \u2014 \u0441 \u043f\u043e\u043c\u043e\u0449\u044c\u044e \u0444\u0430\u0439\u043b\u043e\u0432 cookie \u0438 \u0430\u043d\u0430\u043b\u0438\u0442\u0438\u0447\u0435\u0441\u043a\u0438\u0445 \u0438\u043d\u0441\u0442\u0440\u0443\u043c\u0435\u043d\u0442\u043e\u0432, \u043a\u043e\u0433\u0434\u0430 \u0432\u044b \u043f\u043e\u043b\u044c\u0437\u0443\u0435\u0442\u0435\u0441\u044c \u043d\u0430\u0448\u0438\u043c \u0441\u0430\u0439\u0442\u043e\u043c.<\/li><li>\u041e\u0442 \u0442\u0440\u0435\u0442\u044c\u0438\u0445 \u043b\u0438\u0446, \u043d\u0430\u043f\u0440\u0438\u043c\u0435\u0440 \u043f\u043b\u0430\u0442\u0451\u0436\u043d\u044b\u0445 \u0441\u0435\u0440\u0432\u0438\u0441\u043e\u0432 (WooCommerce, PayPal, Stripe, Apple Pay, Google Pay).<br \/><br \/><\/li><\/ul><ol start=\"4\"><li>\u0418\u0441\u043f\u043e\u043b\u044c\u0437\u043e\u0432\u0430\u043d\u0438\u0435 \u0432\u0430\u0448\u0435\u0439 \u0438\u043d\u0444\u043e\u0440\u043c\u0430\u0446\u0438\u0438<br \/><br \/><\/li><\/ol><p>\u041c\u044b \u0438\u0441\u043f\u043e\u043b\u044c\u0437\u0443\u0435\u043c \u0432\u0430\u0448\u0443 \u0438\u043d\u0444\u043e\u0440\u043c\u0430\u0446\u0438\u044e \u0434\u043b\u044f \u043e\u0431\u0440\u0430\u0431\u043e\u0442\u043a\u0438 \u0438 \u0434\u043e\u0441\u0442\u0430\u0432\u043a\u0438 \u0437\u0430\u043a\u0430\u0437\u043e\u0432, \u0441\u0432\u044f\u0437\u0438 \u0441 \u0432\u0430\u043c\u0438, \u0443\u043b\u0443\u0447\u0448\u0435\u043d\u0438\u044f \u0441\u0430\u0439\u0442\u0430 \u0438 \u0441\u043e\u0431\u043b\u044e\u0434\u0435\u043d\u0438\u044f \u044e\u0440\u0438\u0434\u0438\u0447\u0435\u0441\u043a\u0438\u0445 \u0442\u0440\u0435\u0431\u043e\u0432\u0430\u043d\u0438\u0439.<br \/><br \/><\/p><ol start=\"5\"><li>\u041f\u0435\u0440\u0435\u0434\u0430\u0447\u0430 \u0438 \u0440\u0430\u0441\u043a\u0440\u044b\u0442\u0438\u0435 \u0434\u0430\u043d\u043d\u044b\u0445<br \/><br \/><\/li><\/ol><p>\u041c\u044b \u043c\u043e\u0436\u0435\u043c \u043f\u0435\u0440\u0435\u0434\u0430\u0432\u0430\u0442\u044c \u0432\u0430\u0448\u0438 \u0434\u0430\u043d\u043d\u044b\u0435 \u043f\u043b\u0430\u0442\u0451\u0436\u043d\u044b\u043c \u0441\u0435\u0440\u0432\u0438\u0441\u0430\u043c, \u043f\u043e\u0441\u0442\u0430\u0432\u0449\u0438\u043a\u0430\u043c \u0443\u0441\u043b\u0443\u0433 (\u0434\u043e\u0441\u0442\u0430\u0432\u043a\u0430, \u043c\u0430\u0440\u043a\u0435\u0442\u0438\u043d\u0433, \u0430\u043d\u0430\u043b\u0438\u0442\u0438\u043a\u0430) \u0438, \u0435\u0441\u043b\u0438 \u0442\u043e\u0433\u043e \u0442\u0440\u0435\u0431\u0443\u0435\u0442 \u0437\u0430\u043a\u043e\u043d, \u0433\u043e\u0441\u0443\u0434\u0430\u0440\u0441\u0442\u0432\u0435\u043d\u043d\u044b\u043c \u043e\u0440\u0433\u0430\u043d\u0430\u043c. \u041c\u044b \u043d\u0435 \u043f\u0440\u043e\u0434\u0430\u0451\u043c \u0432\u0430\u0448\u0438 \u043f\u0435\u0440\u0441\u043e\u043d\u0430\u043b\u044c\u043d\u044b\u0435 \u0434\u0430\u043d\u043d\u044b\u0435.<br \/><br \/><\/p><ol start=\"6\"><li>\u041f\u0438\u0441\u044c\u043c\u0430 \u043d\u0430 \u044d\u043b\u0435\u043a\u0442\u0440\u043e\u043d\u043d\u0443\u044e \u043f\u043e\u0447\u0442\u0443<br \/><br \/><\/li><\/ol><p>\u041c\u044b \u0438\u0441\u043f\u043e\u043b\u044c\u0437\u0443\u0435\u043c \u0432\u0430\u0448 email \u0434\u043b\u044f \u043f\u043e\u0434\u0442\u0432\u0435\u0440\u0436\u0434\u0435\u043d\u0438\u044f \u0437\u0430\u043a\u0430\u0437\u043e\u0432, \u043e\u0431\u043d\u043e\u0432\u043b\u0435\u043d\u0438\u0439 \u043f\u043e \u0434\u043e\u0441\u0442\u0430\u0432\u043a\u0435 \u0438 \u0441\u043e\u043e\u0431\u0449\u0435\u043d\u0438\u0439, \u0441\u0432\u044f\u0437\u0430\u043d\u043d\u044b\u0445 \u0441 \u0441\u0435\u0440\u0432\u0438\u0441\u043e\u043c. \u0412\u044b \u043c\u043e\u0436\u0435\u0442\u0435 \u043e\u0442\u043a\u0430\u0437\u0430\u0442\u044c\u0441\u044f \u043e\u0442 \u043f\u0440\u043e\u043c\u043e-\u043f\u0438\u0441\u0435\u043c \u0432 \u043b\u044e\u0431\u043e\u0439 \u043c\u043e\u043c\u0435\u043d\u0442.<br \/><br \/><\/p><ol start=\"7\"><li>Cookies \u0438 \u0442\u0435\u0445\u043d\u043e\u043b\u043e\u0433\u0438\u0438 \u043e\u0442\u0441\u043b\u0435\u0436\u0438\u0432\u0430\u043d\u0438\u044f<br \/><br \/><\/li><\/ol><p>\u041c\u044b \u0438\u0441\u043f\u043e\u043b\u044c\u0437\u0443\u0435\u043c cookies, \u0447\u0442\u043e\u0431\u044b \u0443\u043b\u0443\u0447\u0448\u0438\u0442\u044c \u0432\u0430\u0448 \u043e\u043f\u044b\u0442 \u043d\u0430 \u0441\u0430\u0439\u0442\u0435, \u0430\u043d\u0430\u043b\u0438\u0437\u0438\u0440\u043e\u0432\u0430\u0442\u044c \u0438\u0441\u043f\u043e\u043b\u044c\u0437\u043e\u0432\u0430\u043d\u0438\u0435 \u0440\u0435\u0441\u0443\u0440\u0441\u0430 \u0438 \u043f\u043e\u0434\u0434\u0435\u0440\u0436\u0438\u0432\u0430\u0442\u044c \u043c\u0430\u0440\u043a\u0435\u0442\u0438\u043d\u0433\u043e\u0432\u044b\u0435 \u043a\u0430\u043c\u043f\u0430\u043d\u0438\u0438. \u0412\u044b \u043c\u043e\u0436\u0435\u0442\u0435 \u0443\u043f\u0440\u0430\u0432\u043b\u044f\u0442\u044c \u0438\u043c\u0438 \u0447\u0435\u0440\u0435\u0437 \u043d\u0430\u0441\u0442\u0440\u043e\u0439\u043a\u0438 \u0431\u0440\u0430\u0443\u0437\u0435\u0440\u0430.<br \/><br \/><\/p><ol start=\"8\"><li>\u0425\u0440\u0430\u043d\u0435\u043d\u0438\u0435 \u0434\u0430\u043d\u043d\u044b\u0445<br \/><br \/><\/li><\/ol><p>\u041c\u044b \u0445\u0440\u0430\u043d\u0438\u043c \u0432\u0430\u0448\u0438 \u0434\u0430\u043d\u043d\u044b\u0435 \u0441\u0442\u043e\u043b\u044c\u043a\u043e, \u0441\u043a\u043e\u043b\u044c\u043a\u043e \u043d\u0435\u043e\u0431\u0445\u043e\u0434\u0438\u043c\u043e \u0434\u043b\u044f \u0443\u043a\u0430\u0437\u0430\u043d\u043d\u044b\u0445 \u0446\u0435\u043b\u0435\u0439, \u0432\u044b\u043f\u043e\u043b\u043d\u0435\u043d\u0438\u044f \u044e\u0440\u0438\u0434\u0438\u0447\u0435\u0441\u043a\u0438\u0445 \u043e\u0431\u044f\u0437\u0430\u0442\u0435\u043b\u044c\u0441\u0442\u0432 \u0438 \u0443\u0440\u0435\u0433\u0443\u043b\u0438\u0440\u043e\u0432\u0430\u043d\u0438\u044f \u0441\u043f\u043e\u0440\u043e\u0432.<br \/><br \/><\/p><ol start=\"9\"><li>\u0412\u0430\u0448\u0438 \u043f\u0440\u0430\u0432\u0430<br \/><br \/><\/li><\/ol><p>\u0421\u043e\u0433\u043b\u0430\u0441\u043d\u043e \u0434\u0435\u0439\u0441\u0442\u0432\u0443\u044e\u0449\u0435\u043c\u0443 \u0437\u0430\u043a\u043e\u043d\u043e\u0434\u0430\u0442\u0435\u043b\u044c\u0441\u0442\u0432\u0443 (\u0432\u043a\u043b\u044e\u0447\u0430\u044f GDPR), \u0432\u044b \u0438\u043c\u0435\u0435\u0442\u0435 \u043f\u0440\u0430\u0432\u043e \u043f\u043e\u043b\u0443\u0447\u0430\u0442\u044c \u0434\u043e\u0441\u0442\u0443\u043f \u043a \u0441\u0432\u043e\u0438\u043c \u0434\u0430\u043d\u043d\u044b\u043c, \u0438\u0441\u043f\u0440\u0430\u0432\u043b\u044f\u0442\u044c \u0438\u043b\u0438 \u0443\u0434\u0430\u043b\u044f\u0442\u044c \u0438\u0445, \u0432\u043e\u0437\u0440\u0430\u0436\u0430\u0442\u044c \u043f\u0440\u043e\u0442\u0438\u0432 \u043e\u0431\u0440\u0430\u0431\u043e\u0442\u043a\u0438 \u0438 \u043f\u043e\u0434\u0430\u0442\u044c \u0436\u0430\u043b\u043e\u0431\u0443 \u0432 \u043e\u0440\u0433\u0430\u043d\u044b \u043f\u043e \u0437\u0430\u0449\u0438\u0442\u0435 \u0434\u0430\u043d\u043d\u044b\u0445.<br \/><br \/><\/p><ol start=\"10\"><li>\u0421\u0441\u044b\u043b\u043a\u0438 \u043d\u0430 \u0441\u0442\u043e\u0440\u043e\u043d\u043d\u0438\u0435 \u0440\u0435\u0441\u0443\u0440\u0441\u044b<br \/><br \/><\/li><\/ol><p>\u041d\u0430 \u043d\u0430\u0448\u0435\u043c \u0441\u0430\u0439\u0442\u0435 \u043c\u043e\u0433\u0443\u0442 \u0431\u044b\u0442\u044c \u0441\u0441\u044b\u043b\u043a\u0438 \u043d\u0430 \u0441\u0442\u043e\u0440\u043e\u043d\u043d\u0438\u0435 \u0440\u0435\u0441\u0443\u0440\u0441\u044b. \u041c\u044b \u043d\u0435 \u043d\u0435\u0441\u0435\u043c \u043e\u0442\u0432\u0435\u0442\u0441\u0442\u0432\u0435\u043d\u043d\u043e\u0441\u0442\u0438 \u0437\u0430 \u0438\u0445 \u043f\u043e\u043b\u0438\u0442\u0438\u043a\u0443 \u043a\u043e\u043d\u0444\u0438\u0434\u0435\u043d\u0446\u0438\u0430\u043b\u044c\u043d\u043e\u0441\u0442\u0438.<br \/><br \/><\/p><ol start=\"11\"><li>\u0418\u0437\u043c\u0435\u043d\u0435\u043d\u0438\u044f<br \/><br \/><\/li><\/ol><p>\u041c\u044b \u043c\u043e\u0436\u0435\u043c \u043e\u0431\u043d\u043e\u0432\u043b\u044f\u0442\u044c \u044d\u0442\u0443 \u041f\u043e\u043b\u0438\u0442\u0438\u043a\u0443 \u043a\u043e\u043d\u0444\u0438\u0434\u0435\u043d\u0446\u0438\u0430\u043b\u044c\u043d\u043e\u0441\u0442\u0438. \u0412\u0441\u0435 \u0438\u0437\u043c\u0435\u043d\u0435\u043d\u0438\u044f \u0431\u0443\u0434\u0443\u0442 \u043f\u0443\u0431\u043b\u0438\u043a\u043e\u0432\u0430\u0442\u044c\u0441\u044f \u043d\u0430 \u044d\u0442\u043e\u0439 \u0441\u0442\u0440\u0430\u043d\u0438\u0446\u0435 \u0441 \u0443\u043a\u0430\u0437\u0430\u043d\u0438\u0435\u043c \u0434\u0430\u0442\u044b \u0432\u0441\u0442\u0443\u043f\u043b\u0435\u043d\u0438\u044f \u0432 \u0441\u0438\u043b\u0443.<br \/><br \/><\/p><p>\u041a\u043e\u043d\u0442\u0430\u043a\u0442: nataliflorabcn@gmail.com<\/p>\t\t\t\t\t\t\t\t<\/div>\n\t\t\t\t\t<\/div>\n\t\t\t\t<\/div>\n\t\t\t\t<\/div>","protected":false},"excerpt":{"rendered":"<p>POL\u00cdTICA DE PRIVACIDAD Esta Pol\u00edtica de Privacidad explica c\u00f3mo Nataliflorabcn.com\u00a0 recopila, utiliza, divulga y protege su informaci\u00f3n cuando visita nuestro sitio web https:\/\/nataliflorabcn.com y utiliza nuestros servicios, incluyendo la compra y entrega de flores y productos relacionados. Al utilizar nuestro sitio web y servicios, usted acepta los t\u00e9rminos de esta Pol\u00edtica de Privacidad. Responsable del [&hellip;]<\/p>\n","protected":false},"author":1,"featured_media":0,"parent":0,"menu_order":0,"comment_status":"closed","ping_status":"closed","template":"","meta":{"footnotes":""},"class_list":["post-49","page","type-page","status-publish","hentry"],"_links":{"self":[{"href":"https:\/\/nataliflorabcn.com\/ru\/wp-json\/wp\/v2\/pages\/49","targetHints":{"allow":["GET"]}}],"collection":[{"href":"https:\/\/nataliflorabcn.com\/ru\/wp-json\/wp\/v2\/pages"}],"about":[{"href":"https:\/\/nataliflorabcn.com\/ru\/wp-json\/wp\/v2\/types\/page"}],"author":[{"embeddable":true,"href":"https:\/\/nataliflorabcn.com\/ru\/wp-json\/wp\/v2\/users\/1"}],"replies":[{"embeddable":true,"href":"https:\/\/nataliflorabcn.com\/ru\/wp-json\/wp\/v2\/comments?post=49"}],"version-history":[{"count":5,"href":"https:\/\/nataliflorabcn.com\/ru\/wp-json\/wp\/v2\/pages\/49\/revisions"}],"predecessor-version":[{"id":77,"href":"https:\/\/nataliflorabcn.com\/ru\/wp-json\/wp\/v2\/pages\/49\/revisions\/77"}],"wp:attachment":[{"href":"https:\/\/nataliflorabcn.com\/ru\/wp-json\/wp\/v2\/media?parent=49"}],"curies":[{"name":"wp","href":"https:\/\/api.w.org\/{rel}","templated":true}]}}