{"id":5916,"date":"2025-09-18T15:05:24","date_gmt":"2025-09-18T15:05:24","guid":{"rendered":"https:\/\/nataliflorabcn.com\/?post_type=product&#038;p=5916"},"modified":"2025-11-19T16:08:25","modified_gmt":"2025-11-19T16:08:25","slug":"lujoso-ramo-otonal-de-rosas-hortensias-y-orquideas","status":"publish","type":"product","link":"https:\/\/nataliflorabcn.com\/en\/product\/lujoso-ramo-otonal-de-rosas-hortensias-y-orquideas\/","title":{"rendered":"Luxurious autumn bouquet of roses, hydrangeas, and orchids"},"content":{"rendered":"<p>Hydrangea, orchid, carnation, spray rose, rose, leucospermum.<\/p>\n<p><em>Seasonal availability may affect certain flowers. In such cases, they are thoughtfully substituted with similar blooms, preserving the bouquet\u2019s harmonious colors and sophisticated design.<\/em><\/p>","protected":false},"excerpt":{"rendered":"<p>Lujoso ramo oto\u00f1al de rosas, hortensias y orqu\u00eddeas: Hortensia, orqu\u00eddea, clavel, rosa ramificada, rosa, leucospermum. * Dependiendo de la temporada, algunas flores pueden no estar disponibles en nuestra tienda y podr\u00edan ser reemplazadas por otras.<\/p>","protected":false},"featured_media":5921,"template":"","meta":[],"product_brand":[],"product_cat":[58],"product_tag":[],"class_list":{"0":"post-5916","1":"product","2":"type-product","3":"status-publish","4":"has-post-thumbnail","6":"product_cat-ramos-de-autor","8":"first","9":"instock","10":"shipping-taxable","11":"purchasable","12":"product-type-simple"},"acf":[],"_links":{"self":[{"href":"https:\/\/nataliflorabcn.com\/en\/wp-json\/wp\/v2\/product\/5916","targetHints":{"allow":["GET"]}}],"collection":[{"href":"https:\/\/nataliflorabcn.com\/en\/wp-json\/wp\/v2\/product"}],"about":[{"href":"https:\/\/nataliflorabcn.com\/en\/wp-json\/wp\/v2\/types\/product"}],"wp:featuredmedia":[{"embeddable":true,"href":"https:\/\/nataliflorabcn.com\/en\/wp-json\/wp\/v2\/media\/5921"}],"wp:attachment":[{"href":"https:\/\/nataliflorabcn.com\/en\/wp-json\/wp\/v2\/media?parent=5916"}],"wp:term":[{"taxonomy":"product_brand","embeddable":true,"href":"https:\/\/nataliflorabcn.com\/en\/wp-json\/wp\/v2\/product_brand?post=5916"},{"taxonomy":"product_cat","embeddable":true,"href":"https:\/\/nataliflorabcn.com\/en\/wp-json\/wp\/v2\/product_cat?post=5916"},{"taxonomy":"product_tag","embeddable":true,"href":"https:\/\/nataliflorabcn.com\/en\/wp-json\/wp\/v2\/product_tag?post=5916"}],"curies":[{"name":"wp","href":"https:\/\/api.w.org\/{rel}","templated":true}]}}