{"id":336,"date":"2026-04-04T23:39:38","date_gmt":"2026-04-04T20:39:38","guid":{"rendered":"https:\/\/nataliflorabcn.com\/product\/inspiracion-100-ramo-de-flores-delicadas\/"},"modified":"2026-04-04T23:53:54","modified_gmt":"2026-04-04T20:53:54","slug":"inspiracion-100-ramo-de-flores-delicadas","status":"publish","type":"product","link":"https:\/\/nataliflorabcn.com\/en\/product\/inspiracion-100-ramo-de-flores-delicadas\/","title":{"rendered":"Inspiration 100: a delicate floral bouquet"},"content":{"rendered":"<p>Inspiration 100 \u2013 bouquet of delicate flowers featuring peony-style roses, freesias, snapdragons, eucalyptus, clematis, viburnum, scabiosa, delphinium, and ammi.<br \/>\nDepending on the season, some flowers may not be available and may be replaced with similar alternatives.<\/p>","protected":false},"excerpt":{"rendered":"<p>Inspiraci\u00f3n 100 ramo de flores delicadas: Rosa tipo peon\u00eda, fresia, boca de drag\u00f3n, eucalipto, clem\u00e1tide, viburno, escabiosa, delfinio, ammi. *Dependiendo de la temporada, algunas flores pueden no estar disponibles en nuestra tienda y podr\u00edan ser reemplazadas por otras.<\/p>","protected":false},"featured_media":541,"comment_status":"open","ping_status":"closed","template":"","meta":[],"product_brand":[],"product_cat":[25],"product_tag":[],"class_list":{"0":"post-336","1":"product","2":"type-product","3":"status-publish","4":"has-post-thumbnail","6":"product_cat-ramos-de-autor","8":"first","9":"instock","10":"shipping-taxable","11":"purchasable","12":"product-type-simple"},"_links":{"self":[{"href":"https:\/\/nataliflorabcn.com\/en\/wp-json\/wp\/v2\/product\/336","targetHints":{"allow":["GET"]}}],"collection":[{"href":"https:\/\/nataliflorabcn.com\/en\/wp-json\/wp\/v2\/product"}],"about":[{"href":"https:\/\/nataliflorabcn.com\/en\/wp-json\/wp\/v2\/types\/product"}],"replies":[{"embeddable":true,"href":"https:\/\/nataliflorabcn.com\/en\/wp-json\/wp\/v2\/comments?post=336"}],"wp:featuredmedia":[{"embeddable":true,"href":"https:\/\/nataliflorabcn.com\/en\/wp-json\/wp\/v2\/media\/541"}],"wp:attachment":[{"href":"https:\/\/nataliflorabcn.com\/en\/wp-json\/wp\/v2\/media?parent=336"}],"wp:term":[{"taxonomy":"product_brand","embeddable":true,"href":"https:\/\/nataliflorabcn.com\/en\/wp-json\/wp\/v2\/product_brand?post=336"},{"taxonomy":"product_cat","embeddable":true,"href":"https:\/\/nataliflorabcn.com\/en\/wp-json\/wp\/v2\/product_cat?post=336"},{"taxonomy":"product_tag","embeddable":true,"href":"https:\/\/nataliflorabcn.com\/en\/wp-json\/wp\/v2\/product_tag?post=336"}],"curies":[{"name":"wp","href":"https:\/\/api.w.org\/{rel}","templated":true}]}}