{"id":54,"date":"2026-03-27T17:58:11","date_gmt":"2026-03-27T14:58:11","guid":{"rendered":"https:\/\/nataliflorabcn.com\/?page_id=54"},"modified":"2026-03-27T17:59:03","modified_gmt":"2026-03-27T14:59:03","slug":"politica-de-cookies","status":"publish","type":"page","link":"https:\/\/nataliflorabcn.com\/en\/politica-de-cookies\/","title":{"rendered":"Cookies Policy"},"content":{"rendered":"<div data-elementor-type=\"wp-page\" data-elementor-id=\"54\" class=\"elementor elementor-54\" data-elementor-post-type=\"page\">\n\t\t\t\t<div class=\"elementor-element elementor-element-f17c075 e-flex e-con-boxed e-con e-parent\" data-id=\"f17c075\" data-element_type=\"container\" data-e-type=\"container\">\n\t\t\t\t\t<div class=\"e-con-inner\">\n\t\t\t\t<div class=\"elementor-element elementor-element-45e19ab elementor-widget elementor-widget-text-editor\" data-id=\"45e19ab\" data-element_type=\"widget\" data-e-type=\"widget\" data-widget_type=\"text-editor.default\">\n\t\t\t\t\t\t\t\t\t<p>Cookies Policy<\/p>\t\t\t\t\t\t\t\t<\/div>\n\t\t\t\t<div class=\"elementor-element elementor-element-af54ee3 elementor-widget elementor-widget-text-editor\" data-id=\"af54ee3\" data-element_type=\"widget\" data-e-type=\"widget\" data-widget_type=\"text-editor.default\">\n\t\t\t\t\t\t\t\t\t<p>This Cookies Policy explains how Nataliflorabcn.com uses cookies and similar technologies on our website https:\/\/nataliflorabcn.com\n in accordance with GDPR and applicable regulations. By using our website, you agree to the use of cookies as described in this policy.<br \/><br \/><\/p><ol><li>What Are Cookies?<br \/><br \/><\/li><\/ol><p>They are small text files placed on your device by websites. Cookies can be session-based (deleted when you close the browser) or persistent (remain until they expire or you delete them).<br \/><br \/><\/p><ol start=\"2\"><li>How We Use Cookies<br \/><br \/><\/li><\/ol><ul><li>Essential cookies: required for the website to function (e.g., cart and checkout).<\/li><li>Cookies de rendimiento y an\u00e1lisis: nos ayudan a entender c\u00f3mo interact\u00faan los usuarios (ej. Google Analytics).<\/li><li>Functional cookies: remember your preferences and settings.<\/li><li>Marketing\/advertising cookies: help display more relevant ads.<br \/><br \/><\/li><\/ul><ol start=\"3\"><li>Third-Party Cookies<br \/><br \/><\/li><\/ol><p>Some third-party services (such as payment processors and analytics providers) may also set cookies.<br \/><br \/><\/p><ol start=\"4\"><li>Consent and Control<br \/><br \/><\/li><\/ol><p>When you first visit our site, you\u2019ll see a cookie banner where you can accept, reject, or manage your preferences. You can change your settings at any time in your browser.<br \/><br \/><\/p><ol start=\"5\"><li>Cookie Management<br \/><br \/><\/li><\/ol><p>You can manage or delete cookies in your browser settings. Please note that disabling essential cookies may affect how the website functions.<br \/><br \/><\/p><ol start=\"6\"><li>Your Rights<br \/><br \/><\/li><\/ol><p>You have the right to access information about cookies, withdraw your consent, and request the deletion of collected data where applicable.<br \/><br \/><\/p><ol start=\"7\"><li>Changes to This Policy<br \/><br \/><\/li><\/ol><p>We may update this policy from time to time. Any changes will be posted on this page.<br \/><br \/><\/p><p>Contact: nataliflorabcn@gmail.com<\/p>\t\t\t\t\t\t\t\t<\/div>\n\t\t\t\t\t<\/div>\n\t\t\t\t<\/div>\n\t\t\t\t<\/div>","protected":false},"excerpt":{"rendered":"<p>POL\u00cdTICA DE COOKIES Esta Pol\u00edtica de Cookies explica c\u00f3mo Nataliflorabcn.com utiliza cookies y tecnolog\u00edas similares en nuestro sitio web https:\/\/nataliflorabcn.com conforme al RGPD y la normativa aplicable. Al utilizar nuestro sitio web, usted acepta el uso de cookies como se describe en esta pol\u00edtica. \u00bfQu\u00e9 son las Cookies? Son peque\u00f1os archivos de texto colocados en [&hellip;]<\/p>\n","protected":false},"author":1,"featured_media":0,"parent":0,"menu_order":0,"comment_status":"closed","ping_status":"closed","template":"","meta":{"footnotes":""},"class_list":["post-54","page","type-page","status-publish","hentry"],"_links":{"self":[{"href":"https:\/\/nataliflorabcn.com\/en\/wp-json\/wp\/v2\/pages\/54","targetHints":{"allow":["GET"]}}],"collection":[{"href":"https:\/\/nataliflorabcn.com\/en\/wp-json\/wp\/v2\/pages"}],"about":[{"href":"https:\/\/nataliflorabcn.com\/en\/wp-json\/wp\/v2\/types\/page"}],"author":[{"embeddable":true,"href":"https:\/\/nataliflorabcn.com\/en\/wp-json\/wp\/v2\/users\/1"}],"replies":[{"embeddable":true,"href":"https:\/\/nataliflorabcn.com\/en\/wp-json\/wp\/v2\/comments?post=54"}],"version-history":[{"count":4,"href":"https:\/\/nataliflorabcn.com\/en\/wp-json\/wp\/v2\/pages\/54\/revisions"}],"predecessor-version":[{"id":58,"href":"https:\/\/nataliflorabcn.com\/en\/wp-json\/wp\/v2\/pages\/54\/revisions\/58"}],"wp:attachment":[{"href":"https:\/\/nataliflorabcn.com\/en\/wp-json\/wp\/v2\/media?parent=54"}],"curies":[{"name":"wp","href":"https:\/\/api.w.org\/{rel}","templated":true}]}}